{"id":105,"date":"2020-06-24T07:16:32","date_gmt":"2020-06-24T07:16:32","guid":{"rendered":"https:\/\/jupiterx.artbees.net\/accountant\/?page_id=105"},"modified":"2025-10-18T00:42:40","modified_gmt":"2025-10-17T21:42:40","slug":"blog","status":"publish","type":"page","link":"https:\/\/akselhukuk.com\/de\/blog\/","title":{"rendered":"Der Blog"},"content":{"rendered":"<div data-elementor-type=\"wp-page\" data-elementor-id=\"105\" class=\"elementor elementor-105\">\n\t\t\t\t<div class=\"elementor-element elementor-element-d896794 e-flex e-con-boxed e-con e-parent\" data-id=\"d896794\" data-element_type=\"container\" data-settings=\"{&quot;background_background&quot;:&quot;classic&quot;,&quot;jet_parallax_layout_list&quot;:[]}\">\n\t\t\t\t\t<div class=\"e-con-inner\">\n\t\t<div class=\"elementor-element elementor-element-2080353 e-con-full e-flex e-con e-child\" data-id=\"2080353\" data-element_type=\"container\" data-settings=\"{&quot;jet_parallax_layout_list&quot;:[]}\">\n\t\t\t\t<div class=\"elementor-element elementor-element-6b9c8d2 elementor-widget elementor-widget-heading\" data-id=\"6b9c8d2\" data-element_type=\"widget\" data-widget_type=\"heading.default\">\n\t\t\t\t\t<h2 class=\"elementor-heading-title elementor-size-default\">Unsere Blogbeitr\u00e4ge<\/h2>\t\t\t\t<\/div>\n\t\t\t\t<\/div>\n\t\t\t\t\t<\/div>\n\t\t\t\t<\/div>\n\t\t<div class=\"elementor-element elementor-element-95e6391 e-flex e-con-boxed elementor-invisible e-con e-parent\" data-id=\"95e6391\" data-element_type=\"container\" data-settings=\"{&quot;jet_parallax_layout_list&quot;:[],&quot;animation&quot;:&quot;fadeInUp&quot;}\">\n\t\t\t\t\t<div class=\"e-con-inner\">\n\t\t<div class=\"elementor-element elementor-element-12b46d6 e-con-full e-flex e-con e-child\" data-id=\"12b46d6\" data-element_type=\"container\" data-settings=\"{&quot;jet_parallax_layout_list&quot;:[]}\">\n\t\t\t\t<div class=\"elementor-element elementor-element-44614b8 elementor-widget elementor-widget-heading\" data-id=\"44614b8\" data-element_type=\"widget\" data-widget_type=\"heading.default\">\n\t\t\t\t\t<h2 class=\"elementor-heading-title elementor-size-default\">Was wir f\u00fcr Sie vorbereitet haben<\/h2>\t\t\t\t<\/div>\n\t\t\t\t<div class=\"elementor-element elementor-element-d70e010 raven-hover-grayscale raven-button-align-center elementor-widget elementor-widget-raven-posts-carousel\" data-id=\"d70e010\" data-element_type=\"widget\" data-settings=\"{&quot;classic_slides_view&quot;:&quot;4&quot;,&quot;classic_post_image_hover_effect&quot;:&quot;grayscale&quot;,&quot;_skin&quot;:&quot;classic&quot;,&quot;classic_slides_view_tablet&quot;:&quot;2&quot;,&quot;classic_slides_view_mobile&quot;:&quot;1&quot;,&quot;classic_slides_scroll&quot;:&quot;1&quot;,&quot;classic_slides_scroll_tablet&quot;:&quot;1&quot;,&quot;classic_slides_scroll_mobile&quot;:&quot;1&quot;,&quot;classic_transition_speed&quot;:500,&quot;classic_enable_infinite_loop&quot;:&quot;yes&quot;,&quot;classic_show_arrows&quot;:&quot;yes&quot;,&quot;query_offset&quot;:0,&quot;classic_columns_space_between&quot;:{&quot;unit&quot;:&quot;px&quot;,&quot;size&quot;:30,&quot;sizes&quot;:[]},&quot;classic_columns_space_between_tablet&quot;:{&quot;unit&quot;:&quot;px&quot;,&quot;size&quot;:20,&quot;sizes&quot;:[]},&quot;classic_columns_space_between_mobile&quot;:{&quot;unit&quot;:&quot;px&quot;,&quot;size&quot;:10,&quot;sizes&quot;:[]}}\" data-widget_type=\"raven-posts-carousel.classic\">\n\t\t\t\t<div class=\"elementor-widget-container\">\n\t\t\t\t\t\t\t<div class=\"raven-posts-carousel raven-swiper-slider\">\r\n\t\t\t<div class=\"raven-posts-carousel-swiper-container swiper\">\r\n\t\t\t\t<div class=\"swiper-wrapper swiper-columns-4\" data-swiper='{&quot;rtl&quot;:false}'>\r\n\t\t\r\n\t\t<div class=\"swiper-slide\">\r\n\t\t\t<div class=\"raven-post-wrapper\">\r\n\t\t\t\t<div class=\"raven-post\">\r\n\t\t\t\t\t\t\t<div class=\"raven-post-image-wrap\">\r\n\t\t\t<a class=\"raven-post-image raven-image-fit\"  href=\"https:\/\/akselhukuk.com\/de\/alanyada-zorunlu-arabuluculuk-is-ve-ticari-uyusmazliklar-icin-adim-adim-rehber\/\"><img fetchpriority=\"high\" decoding=\"async\" width=\"1024\" height=\"1024\" src=\"https:\/\/akselhukuk.com\/wp-content\/uploads\/2025\/10\/1-1.png\" class=\"attachment-large size-large wp-image-909\" alt=\"\" srcset=\"https:\/\/akselhukuk.com\/wp-content\/uploads\/2025\/10\/1-1.png 1024w, https:\/\/akselhukuk.com\/wp-content\/uploads\/2025\/10\/1-1-300x300.png 300w, https:\/\/akselhukuk.com\/wp-content\/uploads\/2025\/10\/1-1-150x150.png 150w, https:\/\/akselhukuk.com\/wp-content\/uploads\/2025\/10\/1-1-768x768.png 768w, https:\/\/akselhukuk.com\/wp-content\/uploads\/2025\/10\/1-1-12x12.png 12w, https:\/\/akselhukuk.com\/wp-content\/uploads\/2025\/10\/1-1-500x500.png 500w\" sizes=\"(max-width: 1024px) 100vw, 1024px\" \/> <span class=\"raven-post-image-overlay\"><\/span><\/a>\t\t<\/div>\r\n\t\t\r\n\t\t\t\t\t<div class=\"raven-post-content\">\r\n\t\t\t\t\t\t<h3 class=\"raven-post-title\"><a class=\"raven-post-title-link\" href=\"https:\/\/akselhukuk.com\/de\/alanyada-zorunlu-arabuluculuk-is-ve-ticari-uyusmazliklar-icin-adim-adim-rehber\/\">Obligatorische Mediation in Alanya: Eine Schritt-f\u00fcr-Schritt-Anleitung f\u00fcr gesch\u00e4ftliche und kommerzielle Streitigkeiten<\/a><\/h3><div class=\"raven-post-excerpt\">Obligatorische Mediation in Alanya: Ein Leitfaden f\u00fcr Gesch\u00e4fts- und Handelsstreitigkeiten Die obligatorische Mediation in Alanya ist eine schnelle und kosteng\u00fcnstige L\u00f6sung f\u00fcr bestimmte Gesch\u00e4fts- und Handelsstreitigkeiten, die vor der Einreichung einer Klage in Anspruch genommen werden sollte.<\/div>\t\t<div class=\"raven-post-read-more\">\r\n\t\t\t<a class=\"raven-post-button\" href=\"https:\/\/akselhukuk.com\/de\/alanyada-zorunlu-arabuluculuk-is-ve-ticari-uyusmazliklar-icin-adim-adim-rehber\/\"><span class=\"raven-post-button-text\">Mehr lesen<\/span><\/a>\r\n\t\t<\/div>\r\n\t\t\t\t\t\t\t<\/div>\r\n\t\t\t\t<\/div>\r\n\t\t\t<\/div>\r\n\t\t<\/div>\r\n\t\t\r\n\t\t<div class=\"swiper-slide\">\r\n\t\t\t<div class=\"raven-post-wrapper\">\r\n\t\t\t\t<div class=\"raven-post\">\r\n\t\t\t\t\t\t\t<div class=\"raven-post-image-wrap\">\r\n\t\t\t<a class=\"raven-post-image raven-image-fit\"  href=\"https:\/\/akselhukuk.com\/de\/alanyada-ise-iade-ve-tazminat-uyusmazliklarinda-arabuluculuk-pratik-rehber\/\"><img decoding=\"async\" width=\"1024\" height=\"1024\" src=\"https:\/\/akselhukuk.com\/wp-content\/uploads\/2025\/10\/2-1.png\" class=\"attachment-large size-large wp-image-910\" alt=\"\" srcset=\"https:\/\/akselhukuk.com\/wp-content\/uploads\/2025\/10\/2-1.png 1024w, https:\/\/akselhukuk.com\/wp-content\/uploads\/2025\/10\/2-1-300x300.png 300w, https:\/\/akselhukuk.com\/wp-content\/uploads\/2025\/10\/2-1-150x150.png 150w, https:\/\/akselhukuk.com\/wp-content\/uploads\/2025\/10\/2-1-768x768.png 768w, https:\/\/akselhukuk.com\/wp-content\/uploads\/2025\/10\/2-1-12x12.png 12w, https:\/\/akselhukuk.com\/wp-content\/uploads\/2025\/10\/2-1-500x500.png 500w\" sizes=\"(max-width: 1024px) 100vw, 1024px\" \/> <span class=\"raven-post-image-overlay\"><\/span><\/a>\t\t<\/div>\r\n\t\t\r\n\t\t\t\t\t<div class=\"raven-post-content\">\r\n\t\t\t\t\t\t<h3 class=\"raven-post-title\"><a class=\"raven-post-title-link\" href=\"https:\/\/akselhukuk.com\/de\/alanyada-ise-iade-ve-tazminat-uyusmazliklarinda-arabuluculuk-pratik-rehber\/\">Mediation bei Wiedereinstellungs- und Entsch\u00e4digungsstreitigkeiten in Alanya: Ein praktischer Leitfaden<\/a><\/h3><div class=\"raven-post-excerpt\">Mediation bei Wiedereinstellungs- und Entsch\u00e4digungsstreitigkeiten in Alanya: Ein praktischer Leitfaden Wiedereinstellung, Abfindung, \u00dcberstunden, Jahresurlaub und Mobbingklagen sind die h\u00e4ufigsten Probleme f\u00fcr Arbeitnehmer und Arbeitgeber in Alanya.<\/div>\t\t<div class=\"raven-post-read-more\">\r\n\t\t\t<a class=\"raven-post-button\" href=\"https:\/\/akselhukuk.com\/de\/alanyada-ise-iade-ve-tazminat-uyusmazliklarinda-arabuluculuk-pratik-rehber\/\"><span class=\"raven-post-button-text\">Mehr lesen<\/span><\/a>\r\n\t\t<\/div>\r\n\t\t\t\t\t\t\t<\/div>\r\n\t\t\t\t<\/div>\r\n\t\t\t<\/div>\r\n\t\t<\/div>\r\n\t\t\r\n\t\t<div class=\"swiper-slide\">\r\n\t\t\t<div class=\"raven-post-wrapper\">\r\n\t\t\t\t<div class=\"raven-post\">\r\n\t\t\t\t\t\t\t<div class=\"raven-post-image-wrap\">\r\n\t\t\t<a class=\"raven-post-image raven-image-fit\"  href=\"https:\/\/akselhukuk.com\/de\/ticari-sozlesmelerde-arabuluculuk-klozu-nasil-yazilmali-alanya-is-dunyasi-icin-pratik-rehber\/\"><img decoding=\"async\" width=\"1024\" height=\"1024\" src=\"https:\/\/akselhukuk.com\/wp-content\/uploads\/2025\/10\/3-1.png\" class=\"attachment-large size-large wp-image-911\" alt=\"\" srcset=\"https:\/\/akselhukuk.com\/wp-content\/uploads\/2025\/10\/3-1.png 1024w, https:\/\/akselhukuk.com\/wp-content\/uploads\/2025\/10\/3-1-300x300.png 300w, https:\/\/akselhukuk.com\/wp-content\/uploads\/2025\/10\/3-1-150x150.png 150w, https:\/\/akselhukuk.com\/wp-content\/uploads\/2025\/10\/3-1-768x768.png 768w, https:\/\/akselhukuk.com\/wp-content\/uploads\/2025\/10\/3-1-12x12.png 12w, https:\/\/akselhukuk.com\/wp-content\/uploads\/2025\/10\/3-1-500x500.png 500w\" sizes=\"(max-width: 1024px) 100vw, 1024px\" \/> <span class=\"raven-post-image-overlay\"><\/span><\/a>\t\t<\/div>\r\n\t\t\r\n\t\t\t\t\t<div class=\"raven-post-content\">\r\n\t\t\t\t\t\t<h3 class=\"raven-post-title\"><a class=\"raven-post-title-link\" href=\"https:\/\/akselhukuk.com\/de\/ticari-sozlesmelerde-arabuluculuk-klozu-nasil-yazilmali-alanya-is-dunyasi-icin-pratik-rehber\/\">Wie schreibt man eine Mediationsklausel in Handelsvertr\u00e4ge? (Ein praktischer Leitfaden f\u00fcr Unternehmen in Alanya)<\/a><\/h3><div class=\"raven-post-excerpt\">Wie sollte eine Mediationsklausel in Handelsvertr\u00e4gen formuliert sein? (Praktischer Leitfaden f\u00fcr Alanya Business World) Eine Mediationsklausel in Handelsvertr\u00e4gen verpflichtet die Parteien, im Streitfall zun\u00e4chst eine Verhandlung und Mediation zu versuchen, bevor sie vor Gericht gehen.<\/div>\t\t<div class=\"raven-post-read-more\">\r\n\t\t\t<a class=\"raven-post-button\" href=\"https:\/\/akselhukuk.com\/de\/ticari-sozlesmelerde-arabuluculuk-klozu-nasil-yazilmali-alanya-is-dunyasi-icin-pratik-rehber\/\"><span class=\"raven-post-button-text\">Mehr lesen<\/span><\/a>\r\n\t\t<\/div>\r\n\t\t\t\t\t\t\t<\/div>\r\n\t\t\t\t<\/div>\r\n\t\t\t<\/div>\r\n\t\t<\/div>\r\n\t\t\r\n\t\t<div class=\"swiper-slide\">\r\n\t\t\t<div class=\"raven-post-wrapper\">\r\n\t\t\t\t<div class=\"raven-post\">\r\n\t\t\t\t\t\t\t<div class=\"raven-post-image-wrap\">\r\n\t\t\t<a class=\"raven-post-image raven-image-fit\"  href=\"https:\/\/akselhukuk.com\/de\/e-ticaret-ve-5651-icerik-kaldirma-erisim-engeli-rehberi-alanya-isletmeleri-icin\/\"><img loading=\"lazy\" decoding=\"async\" width=\"1024\" height=\"1024\" src=\"https:\/\/akselhukuk.com\/wp-content\/uploads\/2025\/10\/5-1.png\" class=\"attachment-large size-large wp-image-912\" alt=\"\" srcset=\"https:\/\/akselhukuk.com\/wp-content\/uploads\/2025\/10\/5-1.png 1024w, https:\/\/akselhukuk.com\/wp-content\/uploads\/2025\/10\/5-1-300x300.png 300w, https:\/\/akselhukuk.com\/wp-content\/uploads\/2025\/10\/5-1-150x150.png 150w, https:\/\/akselhukuk.com\/wp-content\/uploads\/2025\/10\/5-1-768x768.png 768w, https:\/\/akselhukuk.com\/wp-content\/uploads\/2025\/10\/5-1-12x12.png 12w, https:\/\/akselhukuk.com\/wp-content\/uploads\/2025\/10\/5-1-500x500.png 500w\" sizes=\"(max-width: 1024px) 100vw, 1024px\" \/> <span class=\"raven-post-image-overlay\"><\/span><\/a>\t\t<\/div>\r\n\t\t\r\n\t\t\t\t\t<div class=\"raven-post-content\">\r\n\t\t\t\t\t\t<h3 class=\"raven-post-title\"><a class=\"raven-post-title-link\" href=\"https:\/\/akselhukuk.com\/de\/e-ticaret-ve-5651-icerik-kaldirma-erisim-engeli-rehberi-alanya-isletmeleri-icin\/\">E-Commerce und 5651: Inhaltsentfernung \u2013 Leitfaden zur Zugriffsblockierung (f\u00fcr Unternehmen in Alanya)<\/a><\/h3><div class=\"raven-post-excerpt\">E-Commerce und Gesetz Nr. 5651: Inhaltsentfernung \u2013 Leitfaden zur Zugriffssperrung (F\u00fcr Unternehmen in Alanya) Im E-Commerce und auf Plattformen sind Reputation, Markenwert und Kundenvertrauen direkt mit dem Content-Management verkn\u00fcpft. Gesetz Nr. 5651; Inhalt<\/div>\t\t<div class=\"raven-post-read-more\">\r\n\t\t\t<a class=\"raven-post-button\" href=\"https:\/\/akselhukuk.com\/de\/e-ticaret-ve-5651-icerik-kaldirma-erisim-engeli-rehberi-alanya-isletmeleri-icin\/\"><span class=\"raven-post-button-text\">Mehr lesen<\/span><\/a>\r\n\t\t<\/div>\r\n\t\t\t\t\t\t\t<\/div>\r\n\t\t\t\t<\/div>\r\n\t\t\t<\/div>\r\n\t\t<\/div>\r\n\t\t\r\n\t\t<div class=\"swiper-slide\">\r\n\t\t\t<div class=\"raven-post-wrapper\">\r\n\t\t\t\t<div class=\"raven-post\">\r\n\t\t\t\t\t\t\t<div class=\"raven-post-image-wrap\">\r\n\t\t\t<a class=\"raven-post-image raven-image-fit\"  href=\"https:\/\/akselhukuk.com\/de\/kat-mulkiyetinde-aidat-tahsilati-ve-hizli-icra-stratejisi-alanya-rehberi\/\"><img loading=\"lazy\" decoding=\"async\" width=\"1024\" height=\"1024\" src=\"https:\/\/akselhukuk.com\/wp-content\/uploads\/2025\/10\/6-1.png\" class=\"attachment-large size-large wp-image-913\" alt=\"\" srcset=\"https:\/\/akselhukuk.com\/wp-content\/uploads\/2025\/10\/6-1.png 1024w, https:\/\/akselhukuk.com\/wp-content\/uploads\/2025\/10\/6-1-300x300.png 300w, https:\/\/akselhukuk.com\/wp-content\/uploads\/2025\/10\/6-1-150x150.png 150w, https:\/\/akselhukuk.com\/wp-content\/uploads\/2025\/10\/6-1-768x768.png 768w, https:\/\/akselhukuk.com\/wp-content\/uploads\/2025\/10\/6-1-12x12.png 12w, https:\/\/akselhukuk.com\/wp-content\/uploads\/2025\/10\/6-1-500x500.png 500w\" sizes=\"(max-width: 1024px) 100vw, 1024px\" \/> <span class=\"raven-post-image-overlay\"><\/span><\/a>\t\t<\/div>\r\n\t\t\r\n\t\t\t\t\t<div class=\"raven-post-content\">\r\n\t\t\t\t\t\t<h3 class=\"raven-post-title\"><a class=\"raven-post-title-link\" href=\"https:\/\/akselhukuk.com\/de\/kat-mulkiyetinde-aidat-tahsilati-ve-hizli-icra-stratejisi-alanya-rehberi\/\">Geb\u00fchrenerhebung und schnelle Durchsetzungsstrategie in Eigentumswohnungen (Alanya-F\u00fchrer)<\/a><\/h3><div class=\"raven-post-excerpt\">Strategie zur Einziehung von Wohngeld und zur schnellen Durchsetzung (Alanya-Leitfaden) Die regelm\u00e4\u00dfige Einziehung von Beitr\u00e4gen und gemeinschaftlichen Ausgaben ist f\u00fcr die nachhaltige Verwaltung von Wohnanlagen unerl\u00e4sslich. Zahlungsverzug kann zu Problemen bei Instandhaltung, Sicherheit, Reinigung und anderen Kosten f\u00fchren.<\/div>\t\t<div class=\"raven-post-read-more\">\r\n\t\t\t<a class=\"raven-post-button\" href=\"https:\/\/akselhukuk.com\/de\/kat-mulkiyetinde-aidat-tahsilati-ve-hizli-icra-stratejisi-alanya-rehberi\/\"><span class=\"raven-post-button-text\">Mehr lesen<\/span><\/a>\r\n\t\t<\/div>\r\n\t\t\t\t\t\t\t<\/div>\r\n\t\t\t\t<\/div>\r\n\t\t\t<\/div>\r\n\t\t<\/div>\r\n\t\t\r\n\t\t<div class=\"swiper-slide\">\r\n\t\t\t<div class=\"raven-post-wrapper\">\r\n\t\t\t\t<div class=\"raven-post\">\r\n\t\t\t\t\t\t\t<div class=\"raven-post-image-wrap\">\r\n\t\t\t<a class=\"raven-post-image raven-image-fit\"  href=\"https:\/\/akselhukuk.com\/de\/icra-iflasta-yeniden-yapilandirma-ve-konkordato-kobiler-icin-yol-haritasi-alanya-rehberi\/\"><img loading=\"lazy\" decoding=\"async\" width=\"1024\" height=\"1024\" src=\"https:\/\/akselhukuk.com\/wp-content\/uploads\/2025\/08\/6-2.png\" class=\"attachment-large size-large wp-image-765\" alt=\"\" srcset=\"https:\/\/akselhukuk.com\/wp-content\/uploads\/2025\/08\/6-2.png 1024w, https:\/\/akselhukuk.com\/wp-content\/uploads\/2025\/08\/6-2-300x300.png 300w, https:\/\/akselhukuk.com\/wp-content\/uploads\/2025\/08\/6-2-150x150.png 150w, https:\/\/akselhukuk.com\/wp-content\/uploads\/2025\/08\/6-2-768x768.png 768w, https:\/\/akselhukuk.com\/wp-content\/uploads\/2025\/08\/6-2-12x12.png 12w, https:\/\/akselhukuk.com\/wp-content\/uploads\/2025\/08\/6-2-500x500.png 500w\" sizes=\"(max-width: 1024px) 100vw, 1024px\" \/> <span class=\"raven-post-image-overlay\"><\/span><\/a>\t\t<\/div>\r\n\t\t\r\n\t\t\t\t\t<div class=\"raven-post-content\">\r\n\t\t\t\t\t\t<h3 class=\"raven-post-title\"><a class=\"raven-post-title-link\" href=\"https:\/\/akselhukuk.com\/de\/icra-iflasta-yeniden-yapilandirma-ve-konkordato-kobiler-icin-yol-haritasi-alanya-rehberi\/\">Umstrukturierung und Zusammensetzung im Rahmen von Zwangsvollstreckung und Insolvenz: Leitfaden f\u00fcr KMU (Alanya-Leitfaden)<\/a><\/h3><div class=\"raven-post-excerpt\">Restrukturierung und Zusammensetzung im Rahmen von Zwangsvollstreckung und Insolvenz: Ein Leitfaden f\u00fcr KMU (Alanya-Leitfaden) Wirtschaftliche Schwankungen, Unterbrechungen der Lieferkette und Wechselkursrisiken setzen den Cashflow und den Schuldendienst von KMU direkt unter Druck.<\/div>\t\t<div class=\"raven-post-read-more\">\r\n\t\t\t<a class=\"raven-post-button\" href=\"https:\/\/akselhukuk.com\/de\/icra-iflasta-yeniden-yapilandirma-ve-konkordato-kobiler-icin-yol-haritasi-alanya-rehberi\/\"><span class=\"raven-post-button-text\">Mehr lesen<\/span><\/a>\r\n\t\t<\/div>\r\n\t\t\t\t\t\t\t<\/div>\r\n\t\t\t\t<\/div>\r\n\t\t\t<\/div>\r\n\t\t<\/div>\r\n\t\t\t\t\t\t<\/div>\r\n\t\t<div class=\"swiper-pagination swiper-pager-outside bullets-pagination-type\"><\/div>\r\n\t\t<\/div>\r\n\r\n\t\t\t\t\t\t\t<div class=\"swiper-button-prev\"><\/div>\r\n\t\t\t\t<div class=\"swiper-button-next\"><\/div>\r\n\t\t\t\r\n\t\t<\/div>\r\n\t\t\t\t\t\t<\/div>\n\t\t\t\t<\/div>\n\t\t\t\t<\/div>\n\t\t\t\t\t<\/div>\n\t\t\t\t<\/div>\n\t\t\t\t<\/div>","protected":false},"excerpt":{"rendered":"<p>Blog Yaz\u0131lar\u0131m\u0131z Sizin \u0130\u00e7in Haz\u0131rlad\u0131klar\u0131m\u0131z Alanya\u2019da Hukuki Destek Arayanlar\u0131n \u0130lk Tercihi: Tu\u011flu Hukuk B\u00fcrosu G\u00fcn\u00fcm\u00fczde hukuki sorunlar, bireylerin ve kurumlar\u0131n hayat\u0131nda ka\u00e7\u0131n\u0131lmaz olarak kar\u015f\u0131la\u015fabilece\u011fi durumlar aras\u0131nda yer al\u0131yor. \u0130ster bir aile hukuku davas\u0131, ister bir ceza soru\u015fturmas\u0131, isterse de bir bankan\u0131n icra takibi s\u00fcreci Devam\u0131n\u0131 Oku Alanya\u2019da Hukukun G\u00fcvencesi: Tu\u011flu Hukuk B\u00fcrosu ile Haklar\u0131n\u0131z\u0131 Koruyun [&hellip;]<\/p>","protected":false},"author":1,"featured_media":0,"parent":0,"menu_order":0,"comment_status":"closed","ping_status":"closed","template":"elementor_header_footer","meta":{"_acf_changed":false,"footnotes":""},"class_list":["post-105","page","type-page","status-publish","hentry"],"acf":[],"yoast_head":"<!-- This site is optimized with the Yoast SEO plugin v25.6 - https:\/\/yoast.com\/wordpress\/plugins\/seo\/ -->\n<title>Blog<\/title>\n<meta name=\"robots\" content=\"index, follow, max-snippet:-1, max-image-preview:large, max-video-preview:-1\" \/>\n<link rel=\"canonical\" href=\"https:\/\/akselhukuk.com\/de\/blog\/\" \/>\n<meta property=\"og:locale\" content=\"de_DE\" \/>\n<meta property=\"og:type\" content=\"article\" \/>\n<meta property=\"og:title\" content=\"Blog\" \/>\n<meta property=\"og:description\" content=\"Blog Yaz\u0131lar\u0131m\u0131z Sizin \u0130\u00e7in Haz\u0131rlad\u0131klar\u0131m\u0131z Alanya\u2019da Hukuki Destek Arayanlar\u0131n \u0130lk Tercihi: Tu\u011flu Hukuk B\u00fcrosu G\u00fcn\u00fcm\u00fczde hukuki sorunlar, bireylerin ve kurumlar\u0131n hayat\u0131nda ka\u00e7\u0131n\u0131lmaz olarak kar\u015f\u0131la\u015fabilece\u011fi durumlar aras\u0131nda yer al\u0131yor. \u0130ster bir aile hukuku davas\u0131, ister bir ceza soru\u015fturmas\u0131, isterse de bir bankan\u0131n icra takibi s\u00fcreci Devam\u0131n\u0131 Oku Alanya\u2019da Hukukun G\u00fcvencesi: Tu\u011flu Hukuk B\u00fcrosu ile Haklar\u0131n\u0131z\u0131 Koruyun [&hellip;]\" \/>\n<meta property=\"og:url\" content=\"https:\/\/akselhukuk.com\/de\/blog\/\" \/>\n<meta property=\"og:site_name\" content=\"Aksel Hukuk | Hukuk ve Dan\u0131\u015fmanl\u0131k Hizmeti\" \/>\n<meta property=\"article:modified_time\" content=\"2025-10-17T21:42:40+00:00\" \/>\n<meta property=\"og:image\" content=\"https:\/\/akselhukuk.com\/wp-content\/uploads\/2025\/08\/1-4.png\" \/>\n\t<meta property=\"og:image:width\" content=\"1024\" \/>\n\t<meta property=\"og:image:height\" content=\"1024\" \/>\n\t<meta property=\"og:image:type\" content=\"image\/png\" \/>\n<meta name=\"twitter:card\" content=\"summary_large_image\" \/>\n<meta name=\"twitter:label1\" content=\"Gesch\u00e4tzte Lesezeit\" \/>\n\t<meta name=\"twitter:data1\" content=\"7\u00a0Minuten\" \/>\n<script type=\"application\/ld+json\" class=\"yoast-schema-graph\">{\"@context\":\"https:\/\/schema.org\",\"@graph\":[{\"@type\":\"WebPage\",\"@id\":\"https:\/\/akselhukuk.com\/blog\/\",\"url\":\"https:\/\/akselhukuk.com\/blog\/\",\"name\":\"Blog\",\"isPartOf\":{\"@id\":\"https:\/\/akselhukuk.com\/#website\"},\"primaryImageOfPage\":{\"@id\":\"https:\/\/akselhukuk.com\/blog\/#primaryimage\"},\"image\":{\"@id\":\"https:\/\/akselhukuk.com\/blog\/#primaryimage\"},\"thumbnailUrl\":\"https:\/\/akselhukuk.com\/wp-content\/uploads\/2025\/08\/1-4.png\",\"datePublished\":\"2020-06-24T07:16:32+00:00\",\"dateModified\":\"2025-10-17T21:42:40+00:00\",\"breadcrumb\":{\"@id\":\"https:\/\/akselhukuk.com\/blog\/#breadcrumb\"},\"inLanguage\":\"de\",\"potentialAction\":[{\"@type\":\"ReadAction\",\"target\":[\"https:\/\/akselhukuk.com\/blog\/\"]}]},{\"@type\":\"ImageObject\",\"inLanguage\":\"de\",\"@id\":\"https:\/\/akselhukuk.com\/blog\/#primaryimage\",\"url\":\"https:\/\/akselhukuk.com\/wp-content\/uploads\/2025\/08\/1-4.png\",\"contentUrl\":\"https:\/\/akselhukuk.com\/wp-content\/uploads\/2025\/08\/1-4.png\"},{\"@type\":\"BreadcrumbList\",\"@id\":\"https:\/\/akselhukuk.com\/blog\/#breadcrumb\",\"itemListElement\":[{\"@type\":\"ListItem\",\"position\":1,\"name\":\"Anasayfa\",\"item\":\"https:\/\/akselhukuk.com\/\"},{\"@type\":\"ListItem\",\"position\":2,\"name\":\"Blog\"}]},{\"@type\":\"WebSite\",\"@id\":\"https:\/\/akselhukuk.com\/#website\",\"url\":\"https:\/\/akselhukuk.com\/\",\"name\":\"Aksel Hukuk | Hukuk ve Dan\u0131\u015fmanl\u0131k Hizmeti\",\"description\":\"Aksel Hukuk | Hukuk ve Dan\u0131\u015fmanl\u0131k Hizmeti\",\"potentialAction\":[{\"@type\":\"SearchAction\",\"target\":{\"@type\":\"EntryPoint\",\"urlTemplate\":\"https:\/\/akselhukuk.com\/?s={search_term_string}\"},\"query-input\":{\"@type\":\"PropertyValueSpecification\",\"valueRequired\":true,\"valueName\":\"search_term_string\"}}],\"inLanguage\":\"de\"}]}<\/script>\n<!-- \/ Yoast SEO plugin. -->","yoast_head_json":{"title":"Blog","robots":{"index":"index","follow":"follow","max-snippet":"max-snippet:-1","max-image-preview":"max-image-preview:large","max-video-preview":"max-video-preview:-1"},"canonical":"https:\/\/akselhukuk.com\/de\/blog\/","og_locale":"de_DE","og_type":"article","og_title":"Blog","og_description":"Blog Yaz\u0131lar\u0131m\u0131z Sizin \u0130\u00e7in Haz\u0131rlad\u0131klar\u0131m\u0131z Alanya\u2019da Hukuki Destek Arayanlar\u0131n \u0130lk Tercihi: Tu\u011flu Hukuk B\u00fcrosu G\u00fcn\u00fcm\u00fczde hukuki sorunlar, bireylerin ve kurumlar\u0131n hayat\u0131nda ka\u00e7\u0131n\u0131lmaz olarak kar\u015f\u0131la\u015fabilece\u011fi durumlar aras\u0131nda yer al\u0131yor. \u0130ster bir aile hukuku davas\u0131, ister bir ceza soru\u015fturmas\u0131, isterse de bir bankan\u0131n icra takibi s\u00fcreci Devam\u0131n\u0131 Oku Alanya\u2019da Hukukun G\u00fcvencesi: Tu\u011flu Hukuk B\u00fcrosu ile Haklar\u0131n\u0131z\u0131 Koruyun [&hellip;]","og_url":"https:\/\/akselhukuk.com\/de\/blog\/","og_site_name":"Aksel Hukuk | Hukuk ve Dan\u0131\u015fmanl\u0131k Hizmeti","article_modified_time":"2025-10-17T21:42:40+00:00","og_image":[{"width":1024,"height":1024,"url":"https:\/\/akselhukuk.com\/wp-content\/uploads\/2025\/08\/1-4.png","type":"image\/png"}],"twitter_card":"summary_large_image","twitter_misc":{"Gesch\u00e4tzte Lesezeit":"7\u00a0Minuten"},"schema":{"@context":"https:\/\/schema.org","@graph":[{"@type":"WebPage","@id":"https:\/\/akselhukuk.com\/blog\/","url":"https:\/\/akselhukuk.com\/blog\/","name":"Blog","isPartOf":{"@id":"https:\/\/akselhukuk.com\/#website"},"primaryImageOfPage":{"@id":"https:\/\/akselhukuk.com\/blog\/#primaryimage"},"image":{"@id":"https:\/\/akselhukuk.com\/blog\/#primaryimage"},"thumbnailUrl":"https:\/\/akselhukuk.com\/wp-content\/uploads\/2025\/08\/1-4.png","datePublished":"2020-06-24T07:16:32+00:00","dateModified":"2025-10-17T21:42:40+00:00","breadcrumb":{"@id":"https:\/\/akselhukuk.com\/blog\/#breadcrumb"},"inLanguage":"de","potentialAction":[{"@type":"ReadAction","target":["https:\/\/akselhukuk.com\/blog\/"]}]},{"@type":"ImageObject","inLanguage":"de","@id":"https:\/\/akselhukuk.com\/blog\/#primaryimage","url":"https:\/\/akselhukuk.com\/wp-content\/uploads\/2025\/08\/1-4.png","contentUrl":"https:\/\/akselhukuk.com\/wp-content\/uploads\/2025\/08\/1-4.png"},{"@type":"BreadcrumbList","@id":"https:\/\/akselhukuk.com\/blog\/#breadcrumb","itemListElement":[{"@type":"ListItem","position":1,"name":"Anasayfa","item":"https:\/\/akselhukuk.com\/"},{"@type":"ListItem","position":2,"name":"Blog"}]},{"@type":"WebSite","@id":"https:\/\/akselhukuk.com\/#website","url":"https:\/\/akselhukuk.com\/","name":"Aksel Hukuk | Hukuk ve Dan\u0131\u015fmanl\u0131k Hizmeti","description":"Aksel Hukuk | Hukuk ve Dan\u0131\u015fmanl\u0131k Hizmeti","potentialAction":[{"@type":"SearchAction","target":{"@type":"EntryPoint","urlTemplate":"https:\/\/akselhukuk.com\/?s={search_term_string}"},"query-input":{"@type":"PropertyValueSpecification","valueRequired":true,"valueName":"search_term_string"}}],"inLanguage":"de"}]}},"_links":{"self":[{"href":"https:\/\/akselhukuk.com\/de\/wp-json\/wp\/v2\/pages\/105","targetHints":{"allow":["GET"]}}],"collection":[{"href":"https:\/\/akselhukuk.com\/de\/wp-json\/wp\/v2\/pages"}],"about":[{"href":"https:\/\/akselhukuk.com\/de\/wp-json\/wp\/v2\/types\/page"}],"author":[{"embeddable":true,"href":"https:\/\/akselhukuk.com\/de\/wp-json\/wp\/v2\/users\/1"}],"replies":[{"embeddable":true,"href":"https:\/\/akselhukuk.com\/de\/wp-json\/wp\/v2\/comments?post=105"}],"version-history":[{"count":12,"href":"https:\/\/akselhukuk.com\/de\/wp-json\/wp\/v2\/pages\/105\/revisions"}],"predecessor-version":[{"id":942,"href":"https:\/\/akselhukuk.com\/de\/wp-json\/wp\/v2\/pages\/105\/revisions\/942"}],"wp:attachment":[{"href":"https:\/\/akselhukuk.com\/de\/wp-json\/wp\/v2\/media?parent=105"}],"curies":[{"name":"wp","href":"https:\/\/api.w.org\/{rel}","templated":true}]}}