{"id":431,"date":"2025-08-10T01:56:04","date_gmt":"2025-08-09T22:56:04","guid":{"rendered":"https:\/\/akselhukuk.com\/?page_id=431"},"modified":"2025-10-18T00:37:55","modified_gmt":"2025-10-17T21:37:55","slug":"hakkimizda","status":"publish","type":"page","link":"https:\/\/akselhukuk.com\/de\/hakkimizda\/","title":{"rendered":"\u00dcber uns"},"content":{"rendered":"<div data-elementor-type=\"wp-page\" data-elementor-id=\"431\" class=\"elementor elementor-431\">\n\t\t\t\t<div class=\"elementor-element elementor-element-b11bf9e e-flex e-con-boxed e-con e-parent\" data-id=\"b11bf9e\" data-element_type=\"container\" data-settings=\"{&quot;background_background&quot;:&quot;classic&quot;,&quot;jet_parallax_layout_list&quot;:[]}\">\n\t\t\t\t\t<div class=\"e-con-inner\">\n\t\t<div class=\"elementor-element elementor-element-58e35d7 e-con-full e-flex e-con e-child\" data-id=\"58e35d7\" data-element_type=\"container\" data-settings=\"{&quot;jet_parallax_layout_list&quot;:[]}\">\n\t\t\t\t<div class=\"elementor-element elementor-element-a1c2924 elementor-widget elementor-widget-heading\" data-id=\"a1c2924\" data-element_type=\"widget\" data-widget_type=\"heading.default\">\n\t\t\t\t\t<h2 class=\"elementor-heading-title elementor-size-default\">\u00dcber uns<\/h2>\t\t\t\t<\/div>\n\t\t\t\t<\/div>\n\t\t\t\t\t<\/div>\n\t\t\t\t<\/div>\n\t\t<div class=\"elementor-element elementor-element-3addfd1 e-flex e-con-boxed elementor-invisible e-con e-parent\" data-id=\"3addfd1\" data-element_type=\"container\" data-settings=\"{&quot;jet_parallax_layout_list&quot;:[],&quot;animation&quot;:&quot;fadeInUp&quot;}\">\n\t\t\t\t\t<div class=\"e-con-inner\">\n\t\t<div class=\"elementor-element elementor-element-a5666c7 e-con-full e-flex e-con e-child\" data-id=\"a5666c7\" data-element_type=\"container\" data-settings=\"{&quot;jet_parallax_layout_list&quot;:[]}\">\n\t\t\t\t<div class=\"elementor-element elementor-element-e8b7233 elementor-widget elementor-widget-heading\" data-id=\"e8b7233\" data-element_type=\"widget\" data-widget_type=\"heading.default\">\n\t\t\t\t\t<h2 class=\"elementor-heading-title elementor-size-default\">\u00dcber uns<\/h2>\t\t\t\t<\/div>\n\t\t\t\t<div class=\"elementor-element elementor-element-75876f6 elementor-widget elementor-widget-text-editor\" data-id=\"75876f6\" data-element_type=\"widget\" data-widget_type=\"text-editor.default\">\n\t\t\t\t\t\t\t\t\t<p data-start=\"299\" data-end=\"909\"><strong data-start=\"299\" data-end=\"333\">Aksel Mediator &amp; Anwaltskanzlei<\/strong>ist eine unabh\u00e4ngige Rechtsorganisation, die Mediation und Rechtsdienstleistungen in Alanya anbietet. Unser Gr\u00fcnder <strong data-start=\"430\" data-end=\"456\">Rechtsanwalt M. Bige Aksel Acar<\/strong>Er ist Absolvent der juristischen Fakult\u00e4t der Universit\u00e4t Istanbul und hat einen Master-Abschluss in Wirtschaftsrecht an der Istanbul Bilgi Universit\u00e4t. Seit 2016 bieten wir Privatpersonen und Unternehmen in Alanya und Umgebung ein breites Spektrum an Dienstleistungen an, darunter Mediation und Prozessf\u00fchrung. Unser Ziel ist es, unn\u00f6tige Konfliktverl\u00e4ngerungen zu vermeiden und unseren Mandanten sowohl zeitlich als auch finanziell planbare, messbare und nachhaltige L\u00f6sungen zu bieten.<\/p><p data-start=\"911\" data-end=\"1488\">Alanya Mediation und <strong data-start=\"934\" data-end=\"952\">Pr\u00e4ventivrecht<\/strong> Unser Ansatz umfasst die fr\u00fchzeitige Beurteilung jedes Falles, die Erfassung rechtlicher Risiken und die Einrichtung gesunder Kommunikationskan\u00e4le zwischen den Parteien. Arbeitsrecht, Handelsrecht, <strong data-start=\"1135\" data-end=\"1149\">Zwangsvollstreckung-Insolvenz<\/strong> In unseren T\u00e4tigkeitsbereichen, insbesondere im Vertragsrecht, legen wir, wann immer m\u00f6glich, Wert auf die Beilegung von Streitigkeiten durch Mediation. Sollte ein Gerichtsverfahren erforderlich sein, informieren wir transparent \u00fcber die Phasen der Strategieentwicklung, des Beweismanagements und der Prozessplanung und machen jeden Prozessschritt schriftlich und digital zug\u00e4nglich.<\/p><p data-start=\"1490\" data-end=\"2064\">Unser Servicemodell umfasst die Bedarfsanalyse im ersten Treffen, die schriftliche Kl\u00e4rung von Umfang und Zielen, <strong data-start=\"1591\" data-end=\"1614\">Budget\/Preise<\/strong> Es basiert auf einer klaren Definition des Rahmens und der Umsetzung zeitnaher Aktionspl\u00e4ne. So vermeiden unsere Mandanten \u00dcberraschungen bei der Inanspruchnahme unserer Rechts- und Mediationsdienstleistungen in Alanya; sie erhalten klare Informationen \u00fcber den Stand ihres Falles, die n\u00e4chsten Schritte und potenzielle Risiken. Unsere internen Qualit\u00e4tsstandards erfordern, dass jeder Fall von einem zweiten Auge gepr\u00fcft wird und wichtige Entscheidungen im Rahmen einer gemeinsamen Pr\u00fcfung getroffen werden.<\/p>\t\t\t\t\t\t\t\t<\/div>\n\t\t\t\t<\/div>\n\t\t<div class=\"elementor-element elementor-element-e25c7af e-con-full e-flex e-con e-child\" data-id=\"e25c7af\" data-element_type=\"container\" data-settings=\"{&quot;jet_parallax_layout_list&quot;:[]}\">\n\t\t\t\t<div class=\"elementor-element elementor-element-03bf4d5 elementor-widget elementor-widget-image\" data-id=\"03bf4d5\" data-element_type=\"widget\" data-widget_type=\"image.default\">\n\t\t\t\t\t\t\t\t\t\t\t\t\t\t\t<img fetchpriority=\"high\" decoding=\"async\" width=\"765\" height=\"535\" src=\"https:\/\/akselhukuk.com\/wp-content\/uploads\/2025\/10\/6.png\" class=\"attachment-large size-large wp-image-906\" alt=\"\" srcset=\"https:\/\/akselhukuk.com\/wp-content\/uploads\/2025\/10\/6.png 765w, https:\/\/akselhukuk.com\/wp-content\/uploads\/2025\/10\/6-300x210.png 300w, https:\/\/akselhukuk.com\/wp-content\/uploads\/2025\/10\/6-18x12.png 18w\" sizes=\"(max-width: 765px) 100vw, 765px\" \/>\t\t\t\t\t\t\t\t\t\t\t\t\t\t\t<\/div>\n\t\t\t\t<\/div>\n\t\t\t\t\t<\/div>\n\t\t\t\t<\/div>\n\t\t<div class=\"elementor-element elementor-element-bd77be3 e-flex e-con-boxed elementor-invisible e-con e-parent\" data-id=\"bd77be3\" data-element_type=\"container\" data-settings=\"{&quot;background_background&quot;:&quot;classic&quot;,&quot;jet_parallax_layout_list&quot;:[],&quot;animation&quot;:&quot;fadeInUp&quot;}\">\n\t\t\t\t\t<div class=\"e-con-inner\">\n\t\t<div class=\"elementor-element elementor-element-76513e5 e-con-full e-flex e-con e-child\" data-id=\"76513e5\" data-element_type=\"container\" data-settings=\"{&quot;jet_parallax_layout_list&quot;:[]}\">\n\t\t\t\t<div class=\"elementor-element elementor-element-3c9f1de elementor-widget elementor-widget-heading\" data-id=\"3c9f1de\" data-element_type=\"widget\" data-widget_type=\"heading.default\">\n\t\t\t\t\t<h2 class=\"elementor-heading-title elementor-size-default\">Unsere Mission<\/h2>\t\t\t\t<\/div>\n\t\t\t\t<div class=\"elementor-element elementor-element-19262aa elementor-widget elementor-widget-text-editor\" data-id=\"19262aa\" data-element_type=\"widget\" data-widget_type=\"text-editor.default\">\n\t\t\t\t\t\t\t\t\t<p data-start=\"3079\" data-end=\"3502\">Unsere Mission ist es, Mediation und Rechtsdienstleistungen in Alanya anzubieten. <strong data-start=\"3136\" data-end=\"3183\">zug\u00e4nglich, vorhersehbar und ergebnisorientiert<\/strong> Unser Ziel ist es, faire, ausgewogene und durchsetzbare Vereinbarungen zwischen den Parteien zu erzielen, indem wir Methoden der au\u00dfergerichtlichen Streitbeilegung effektiv nutzen. Dies gew\u00e4hrleistet einen zeit- und kosteneffizienten Prozess und bewahrt gleichzeitig die gesch\u00e4ftlichen und pers\u00f6nlichen Beziehungen der Parteien so weit wie m\u00f6glich.<\/p><p data-start=\"3504\" data-end=\"3916\">In jeder Datei <strong data-start=\"3516\" data-end=\"3529\">Transparenz<\/strong> Und <strong data-start=\"3533\" data-end=\"3541\">Ethik<\/strong> Prinzipientreue ist unser grundlegender Ansatz. Vom ersten Kontakt bis zur Vertragsunterzeichnung oder dem Abschluss des Falles informieren wir unsere Mandanten klar \u00fcber die notwendigen Schritte, potenziellen Risiken und alternativen Wege. In diesem Zusammenhang erstellen wir einen detaillierten Plan, der das Beweismanagement, die Strategie der Mediationssitzung, Verhandlungsmethoden und m\u00f6gliche Prozessszenarien umfasst.<\/p><p data-start=\"3918\" data-end=\"4392\">Auf die Bed\u00fcrfnisse der Gesch\u00e4ftswelt ausgerichtet <strong data-start=\"3954\" data-end=\"3972\">Pr\u00e4ventivrecht<\/strong> Die St\u00e4rkung der Vertragsinfrastruktur durch die Entwicklung eines fundierten Verst\u00e4ndnisses, die Reduzierung der Streitwahrscheinlichkeit im Arbeitnehmer-Arbeitgeber-Verh\u00e4ltnis und die Entwicklung schneller, systematischer Methoden f\u00fcr das Forderungsmanagement sind integrale Bestandteile unserer Mission. Durch Instrumente wie regelm\u00e4\u00dfige Schulungen, die Aktualisierung von Vertragsvorlagen, KVKK-Compliance und interne Richtliniendokumente ver\u00e4ndern wir die reaktive Beziehung der Institutionen zum Gesetz. <strong data-start=\"4360\" data-end=\"4372\">proaktiv<\/strong> wir verschieben es auf eine Etage.<\/p><p data-start=\"4394\" data-end=\"4703\">Kundenzufriedenheit ist kein einmaliges Ergebnis, <strong data-start=\"4454\" data-end=\"4473\">kontinuierliche Verbesserung<\/strong> und wir verstehen es als einen Prozess der Qualit\u00e4tssicherung. Wir \u00fcberpr\u00fcfen regelm\u00e4\u00dfig unsere Servicequalit\u00e4t durch Feedback-Mechanismen, interne Audits und messbare Leistungsindikatoren und \u00fcbertragen die gewonnenen Erkenntnisse in neue Akten.<\/p>\t\t\t\t\t\t\t\t<\/div>\n\t\t\t\t<\/div>\n\t\t<div class=\"elementor-element elementor-element-55dc914 e-con-full e-flex e-con e-child\" data-id=\"55dc914\" data-element_type=\"container\" data-settings=\"{&quot;jet_parallax_layout_list&quot;:[]}\">\n\t\t\t\t<div class=\"elementor-element elementor-element-fd6db5a elementor-widget elementor-widget-heading\" data-id=\"fd6db5a\" data-element_type=\"widget\" data-widget_type=\"heading.default\">\n\t\t\t\t\t<h2 class=\"elementor-heading-title elementor-size-default\">Unsere Vision<\/h2>\t\t\t\t<\/div>\n\t\t\t\t<div class=\"elementor-element elementor-element-7c168ba elementor-widget elementor-widget-text-editor\" data-id=\"7c168ba\" data-element_type=\"widget\" data-widget_type=\"text-editor.default\">\n\t\t\t\t\t\t\t\t\t<p data-start=\"4725\" data-end=\"5075\">Unsere Vision ist es, im Bereich Mediation und Pr\u00e4ventivrecht in Alanya und Umgebung t\u00e4tig zu sein. <strong data-start=\"4798\" data-end=\"4810\">Referenz<\/strong> Unser Ziel ist es, eine Kanzlei zu sein, die durch anerkanntes, technologiegest\u00fctztes Prozessmanagement messbare Erfolge erzielt. Durch das genaue Verst\u00e4ndnis der wirtschaftlichen und sozialen Dynamik der Region bieten wir anwendbare, schnelle und <strong data-start=\"5027\" data-end=\"5045\">nachhaltig<\/strong> Unser Ziel ist es, L\u00f6sungen zu entwickeln.<\/p><p data-start=\"5077\" data-end=\"5393\">Beitrag zur Verbreitung der Mediationskultur, Schaffung von Beispielen guter Praxis und <strong data-start=\"5166\" data-end=\"5199\">au\u00dfergerichtliche L\u00f6sungsmethoden<\/strong> Wir m\u00f6chten dazu beitragen, die Dinge verst\u00e4ndlicher zu machen. Zu diesem Zweck informieren wir unsere Kunden und Gesch\u00e4ftspartner kontinuierlich durch Schulungen, informative Inhalte und fallbasierte Ver\u00f6ffentlichungen.<\/p><p data-start=\"5395\" data-end=\"5761\">Technologie ist ein Schl\u00fcsselelement unseres Visionsziels. <strong data-start=\"5442\" data-end=\"5468\">Digitale Aktenverwaltung<\/strong>Wir schaffen ein transparentes und nachverfolgbares Serviceerlebnis mit sicheren Kommunikationskan\u00e4len, Kalender- und Erinnerungssystemen, messbaren KPIs und Berichtstools. Auf diese Weise profitieren unsere Kunden nicht nur von den Ergebnissen unserer Rechts- und Mediationsdienstleistungen in Alanya, sondern auch von der <strong data-start=\"5724\" data-end=\"5746\">die Qualit\u00e4t des Prozesses<\/strong> herrscht auch vor.<\/p><p data-start=\"5763\" data-end=\"6050\">Langfristig wird unsere Expertise in den Bereichen Arbeitsrecht, Handelsstreitigkeiten und Zwangsvollstreckung sowie Insolvenz, <strong data-start=\"5860\" data-end=\"5896\">lokale Expertise + nationaler Standard<\/strong> Unser Ziel ist es, zur beruflichen Entwicklung junger Anw\u00e4lte beizutragen, indem wir ihnen ein Arbeitsumfeld bieten, in dem Ethik und Kompetenz im Mittelpunkt stehen.<\/p>\t\t\t\t\t\t\t\t<\/div>\n\t\t\t\t<\/div>\n\t\t\t\t\t<\/div>\n\t\t\t\t<\/div>\n\t\t<div class=\"elementor-element elementor-element-51735b3 e-flex e-con-boxed elementor-invisible e-con e-parent\" data-id=\"51735b3\" data-element_type=\"container\" data-settings=\"{&quot;jet_parallax_layout_list&quot;:[],&quot;animation&quot;:&quot;fadeInUp&quot;}\">\n\t\t\t\t\t<div class=\"e-con-inner\">\n\t\t<div class=\"elementor-element elementor-element-e8ed07b e-con-full e-flex e-con e-child\" data-id=\"e8ed07b\" data-element_type=\"container\" data-settings=\"{&quot;jet_parallax_layout_list&quot;:[]}\">\n\t\t\t\t<div class=\"elementor-element elementor-element-4cf732b elementor-widget elementor-widget-heading\" data-id=\"4cf732b\" data-element_type=\"widget\" data-widget_type=\"heading.default\">\n\t\t\t\t\t<h2 class=\"elementor-heading-title elementor-size-default\">Unsere Werte<\/h2>\t\t\t\t<\/div>\n\t\t\t\t<div class=\"elementor-element elementor-element-fd5b98b elementor-widget elementor-widget-text-editor\" data-id=\"fd5b98b\" data-element_type=\"widget\" data-widget_type=\"text-editor.default\">\n\t\t\t\t\t\t\t\t\t<p><strong data-start=\"6074\" data-end=\"6092\">Ethik und Vertrauen:<\/strong> Wir wahren unter allen Umst\u00e4nden die Grunds\u00e4tze der Einhaltung beruflicher Regeln, der Vertraulichkeit und der Ehrlichkeit.<br data-start=\"6175\" data-end=\"6178\" \/><strong data-start=\"6178\" data-end=\"6192\">Transparenz:<\/strong> Wir kl\u00e4ren von Anfang an den Ablauf, den Zeitplan und die Preise und erstellen regelm\u00e4\u00dfige Fortschrittsberichte.<br data-start=\"6281\" data-end=\"6284\" \/><strong data-start=\"6284\" data-end=\"6304\">Ergebnisorientiert:<\/strong> Unser Schwerpunkt liegt auf der dauerhaften Beilegung von Streitigkeiten und der Erzielung tragf\u00e4higer Vereinbarungen.<br data-start=\"6392\" data-end=\"6395\" \/><strong data-start=\"6395\" data-end=\"6409\">Kompetenz:<\/strong> Wir verfolgen stets die aktuelle Gesetzgebung, Rechtsprechung und Branchenpraxis und spiegeln unser Wissen in den Akten wider.<br data-start=\"6510\" data-end=\"6513\" \/><strong data-start=\"6513\" data-end=\"6532\">Lokale Expertise:<\/strong> Wir entwickeln praktische und anwendbare Vorschl\u00e4ge, die der wirtschaftlichen und sozialen Dynamik Alanyas gerecht werden.<br data-start=\"6630\" data-end=\"6633\" \/><strong data-start=\"6633\" data-end=\"6647\">Technologie:<\/strong> Datengetriebenes Prozessmanagement, sichere Kommunikation und digitale Archivierung sind Standard.<br data-start=\"6728\" data-end=\"6731\" \/><strong data-start=\"6731\" data-end=\"6745\">Partnerschaft:<\/strong> Wir unterst\u00fctzen eine Kultur konstruktiver Verhandlungen und des gegenseitigen Nutzens zwischen den Parteien.<br data-start=\"6814\" data-end=\"6817\" \/><strong data-start=\"6817\" data-end=\"6832\">Verantwortung:<\/strong> Wir streben danach, den sozialen Nutzen, die Zug\u00e4nglichkeit von Dienstleistungen und das Rechtsbewusstsein zu erh\u00f6hen.<\/p>\t\t\t\t\t\t\t\t<\/div>\n\t\t\t\t<\/div>\n\t\t\t\t\t<\/div>\n\t\t\t\t<\/div>\n\t\t\t\t<\/div>","protected":false},"excerpt":{"rendered":"<p>Hakk\u0131m\u0131zda Hakk\u0131m\u0131zda Aksel Arabulucu &amp; Hukuk B\u00fcrosu, Alanya\u2019da arabuluculuk ve avukatl\u0131k hizmetleri sunan ba\u011f\u0131ms\u0131z bir hukuk kurulu\u015fudur. Kurucumuz Av. M. Bige Aksel Acar, \u0130stanbul \u00dcniversitesi Hukuk Fak\u00fcltesi mezunudur ve \u0130stanbul Bilgi \u00dcniversitesi Ekonomi Hukuku y\u00fcksek lisans program\u0131n\u0131 tamamlam\u0131\u015ft\u0131r. 2016\u2019dan bu yana Alanya ve \u00e7evresindeki bireyler ile i\u015fletmelere, arabuluculuk ve dava takibi d\u00e2hil geni\u015f bir yelpazede [&hellip;]<\/p>","protected":false},"author":1,"featured_media":0,"parent":0,"menu_order":0,"comment_status":"closed","ping_status":"closed","template":"elementor_header_footer","meta":{"_acf_changed":false,"footnotes":""},"class_list":["post-431","page","type-page","status-publish","hentry"],"acf":[],"yoast_head":"<!-- This site is optimized with the Yoast SEO plugin v25.6 - https:\/\/yoast.com\/wordpress\/plugins\/seo\/ -->\n<title>Hakk\u0131m\u0131zda - Aksel Hukuk | Hukuk ve Dan\u0131\u015fmanl\u0131k Hizmeti<\/title>\n<meta name=\"robots\" content=\"index, follow, max-snippet:-1, max-image-preview:large, max-video-preview:-1\" \/>\n<link rel=\"canonical\" href=\"https:\/\/akselhukuk.com\/de\/hakkimizda\/\" \/>\n<meta property=\"og:locale\" content=\"de_DE\" \/>\n<meta property=\"og:type\" content=\"article\" \/>\n<meta property=\"og:title\" content=\"Hakk\u0131m\u0131zda - Aksel Hukuk | Hukuk ve Dan\u0131\u015fmanl\u0131k Hizmeti\" \/>\n<meta property=\"og:description\" content=\"Hakk\u0131m\u0131zda Hakk\u0131m\u0131zda Aksel Arabulucu &amp; Hukuk B\u00fcrosu, Alanya\u2019da arabuluculuk ve avukatl\u0131k hizmetleri sunan ba\u011f\u0131ms\u0131z bir hukuk kurulu\u015fudur. Kurucumuz Av. M. Bige Aksel Acar, \u0130stanbul \u00dcniversitesi Hukuk Fak\u00fcltesi mezunudur ve \u0130stanbul Bilgi \u00dcniversitesi Ekonomi Hukuku y\u00fcksek lisans program\u0131n\u0131 tamamlam\u0131\u015ft\u0131r. 2016\u2019dan bu yana Alanya ve \u00e7evresindeki bireyler ile i\u015fletmelere, arabuluculuk ve dava takibi d\u00e2hil geni\u015f bir yelpazede [&hellip;]\" \/>\n<meta property=\"og:url\" content=\"https:\/\/akselhukuk.com\/de\/hakkimizda\/\" \/>\n<meta property=\"og:site_name\" content=\"Aksel Hukuk | Hukuk ve Dan\u0131\u015fmanl\u0131k Hizmeti\" \/>\n<meta property=\"article:modified_time\" content=\"2025-10-17T21:37:55+00:00\" \/>\n<meta property=\"og:image\" content=\"https:\/\/akselhukuk.com\/wp-content\/uploads\/2025\/10\/6.png\" \/>\n\t<meta property=\"og:image:width\" content=\"765\" \/>\n\t<meta property=\"og:image:height\" content=\"535\" \/>\n\t<meta property=\"og:image:type\" content=\"image\/png\" \/>\n<meta name=\"twitter:card\" content=\"summary_large_image\" \/>\n<meta name=\"twitter:label1\" content=\"Gesch\u00e4tzte Lesezeit\" \/>\n\t<meta name=\"twitter:data1\" content=\"4\u00a0Minuten\" \/>\n<script type=\"application\/ld+json\" class=\"yoast-schema-graph\">{\"@context\":\"https:\/\/schema.org\",\"@graph\":[{\"@type\":\"WebPage\",\"@id\":\"https:\/\/akselhukuk.com\/hakkimizda\/\",\"url\":\"https:\/\/akselhukuk.com\/hakkimizda\/\",\"name\":\"Hakk\u0131m\u0131zda - Aksel Hukuk | Hukuk ve Dan\u0131\u015fmanl\u0131k Hizmeti\",\"isPartOf\":{\"@id\":\"https:\/\/akselhukuk.com\/#website\"},\"primaryImageOfPage\":{\"@id\":\"https:\/\/akselhukuk.com\/hakkimizda\/#primaryimage\"},\"image\":{\"@id\":\"https:\/\/akselhukuk.com\/hakkimizda\/#primaryimage\"},\"thumbnailUrl\":\"https:\/\/akselhukuk.com\/wp-content\/uploads\/2025\/10\/6.png\",\"datePublished\":\"2025-08-09T22:56:04+00:00\",\"dateModified\":\"2025-10-17T21:37:55+00:00\",\"breadcrumb\":{\"@id\":\"https:\/\/akselhukuk.com\/hakkimizda\/#breadcrumb\"},\"inLanguage\":\"de\",\"potentialAction\":[{\"@type\":\"ReadAction\",\"target\":[\"https:\/\/akselhukuk.com\/hakkimizda\/\"]}]},{\"@type\":\"ImageObject\",\"inLanguage\":\"de\",\"@id\":\"https:\/\/akselhukuk.com\/hakkimizda\/#primaryimage\",\"url\":\"https:\/\/akselhukuk.com\/wp-content\/uploads\/2025\/10\/6.png\",\"contentUrl\":\"https:\/\/akselhukuk.com\/wp-content\/uploads\/2025\/10\/6.png\"},{\"@type\":\"BreadcrumbList\",\"@id\":\"https:\/\/akselhukuk.com\/hakkimizda\/#breadcrumb\",\"itemListElement\":[{\"@type\":\"ListItem\",\"position\":1,\"name\":\"Anasayfa\",\"item\":\"https:\/\/akselhukuk.com\/\"},{\"@type\":\"ListItem\",\"position\":2,\"name\":\"Hakk\u0131m\u0131zda\"}]},{\"@type\":\"WebSite\",\"@id\":\"https:\/\/akselhukuk.com\/#website\",\"url\":\"https:\/\/akselhukuk.com\/\",\"name\":\"Aksel Hukuk | Hukuk ve Dan\u0131\u015fmanl\u0131k Hizmeti\",\"description\":\"Aksel Hukuk | Hukuk ve Dan\u0131\u015fmanl\u0131k Hizmeti\",\"potentialAction\":[{\"@type\":\"SearchAction\",\"target\":{\"@type\":\"EntryPoint\",\"urlTemplate\":\"https:\/\/akselhukuk.com\/?s={search_term_string}\"},\"query-input\":{\"@type\":\"PropertyValueSpecification\",\"valueRequired\":true,\"valueName\":\"search_term_string\"}}],\"inLanguage\":\"de\"}]}<\/script>\n<!-- \/ Yoast SEO plugin. -->","yoast_head_json":{"title":"Hakk\u0131m\u0131zda - Aksel Hukuk | Hukuk ve Dan\u0131\u015fmanl\u0131k Hizmeti","robots":{"index":"index","follow":"follow","max-snippet":"max-snippet:-1","max-image-preview":"max-image-preview:large","max-video-preview":"max-video-preview:-1"},"canonical":"https:\/\/akselhukuk.com\/de\/hakkimizda\/","og_locale":"de_DE","og_type":"article","og_title":"Hakk\u0131m\u0131zda - Aksel Hukuk | Hukuk ve Dan\u0131\u015fmanl\u0131k Hizmeti","og_description":"Hakk\u0131m\u0131zda Hakk\u0131m\u0131zda Aksel Arabulucu &amp; Hukuk B\u00fcrosu, Alanya\u2019da arabuluculuk ve avukatl\u0131k hizmetleri sunan ba\u011f\u0131ms\u0131z bir hukuk kurulu\u015fudur. Kurucumuz Av. M. Bige Aksel Acar, \u0130stanbul \u00dcniversitesi Hukuk Fak\u00fcltesi mezunudur ve \u0130stanbul Bilgi \u00dcniversitesi Ekonomi Hukuku y\u00fcksek lisans program\u0131n\u0131 tamamlam\u0131\u015ft\u0131r. 2016\u2019dan bu yana Alanya ve \u00e7evresindeki bireyler ile i\u015fletmelere, arabuluculuk ve dava takibi d\u00e2hil geni\u015f bir yelpazede [&hellip;]","og_url":"https:\/\/akselhukuk.com\/de\/hakkimizda\/","og_site_name":"Aksel Hukuk | Hukuk ve Dan\u0131\u015fmanl\u0131k Hizmeti","article_modified_time":"2025-10-17T21:37:55+00:00","og_image":[{"width":765,"height":535,"url":"https:\/\/akselhukuk.com\/wp-content\/uploads\/2025\/10\/6.png","type":"image\/png"}],"twitter_card":"summary_large_image","twitter_misc":{"Gesch\u00e4tzte Lesezeit":"4\u00a0Minuten"},"schema":{"@context":"https:\/\/schema.org","@graph":[{"@type":"WebPage","@id":"https:\/\/akselhukuk.com\/hakkimizda\/","url":"https:\/\/akselhukuk.com\/hakkimizda\/","name":"Hakk\u0131m\u0131zda - Aksel Hukuk | Hukuk ve Dan\u0131\u015fmanl\u0131k Hizmeti","isPartOf":{"@id":"https:\/\/akselhukuk.com\/#website"},"primaryImageOfPage":{"@id":"https:\/\/akselhukuk.com\/hakkimizda\/#primaryimage"},"image":{"@id":"https:\/\/akselhukuk.com\/hakkimizda\/#primaryimage"},"thumbnailUrl":"https:\/\/akselhukuk.com\/wp-content\/uploads\/2025\/10\/6.png","datePublished":"2025-08-09T22:56:04+00:00","dateModified":"2025-10-17T21:37:55+00:00","breadcrumb":{"@id":"https:\/\/akselhukuk.com\/hakkimizda\/#breadcrumb"},"inLanguage":"de","potentialAction":[{"@type":"ReadAction","target":["https:\/\/akselhukuk.com\/hakkimizda\/"]}]},{"@type":"ImageObject","inLanguage":"de","@id":"https:\/\/akselhukuk.com\/hakkimizda\/#primaryimage","url":"https:\/\/akselhukuk.com\/wp-content\/uploads\/2025\/10\/6.png","contentUrl":"https:\/\/akselhukuk.com\/wp-content\/uploads\/2025\/10\/6.png"},{"@type":"BreadcrumbList","@id":"https:\/\/akselhukuk.com\/hakkimizda\/#breadcrumb","itemListElement":[{"@type":"ListItem","position":1,"name":"Anasayfa","item":"https:\/\/akselhukuk.com\/"},{"@type":"ListItem","position":2,"name":"Hakk\u0131m\u0131zda"}]},{"@type":"WebSite","@id":"https:\/\/akselhukuk.com\/#website","url":"https:\/\/akselhukuk.com\/","name":"Aksel Hukuk | Hukuk ve Dan\u0131\u015fmanl\u0131k Hizmeti","description":"Aksel Hukuk | Hukuk ve Dan\u0131\u015fmanl\u0131k Hizmeti","potentialAction":[{"@type":"SearchAction","target":{"@type":"EntryPoint","urlTemplate":"https:\/\/akselhukuk.com\/?s={search_term_string}"},"query-input":{"@type":"PropertyValueSpecification","valueRequired":true,"valueName":"search_term_string"}}],"inLanguage":"de"}]}},"_links":{"self":[{"href":"https:\/\/akselhukuk.com\/de\/wp-json\/wp\/v2\/pages\/431","targetHints":{"allow":["GET"]}}],"collection":[{"href":"https:\/\/akselhukuk.com\/de\/wp-json\/wp\/v2\/pages"}],"about":[{"href":"https:\/\/akselhukuk.com\/de\/wp-json\/wp\/v2\/types\/page"}],"author":[{"embeddable":true,"href":"https:\/\/akselhukuk.com\/de\/wp-json\/wp\/v2\/users\/1"}],"replies":[{"embeddable":true,"href":"https:\/\/akselhukuk.com\/de\/wp-json\/wp\/v2\/comments?post=431"}],"version-history":[{"count":17,"href":"https:\/\/akselhukuk.com\/de\/wp-json\/wp\/v2\/pages\/431\/revisions"}],"predecessor-version":[{"id":933,"href":"https:\/\/akselhukuk.com\/de\/wp-json\/wp\/v2\/pages\/431\/revisions\/933"}],"wp:attachment":[{"href":"https:\/\/akselhukuk.com\/de\/wp-json\/wp\/v2\/media?parent=431"}],"curies":[{"name":"wp","href":"https:\/\/api.w.org\/{rel}","templated":true}]}}