{"id":435,"date":"2025-08-10T01:59:43","date_gmt":"2025-08-09T22:59:43","guid":{"rendered":"https:\/\/akselhukuk.com\/?page_id=435"},"modified":"2025-08-16T00:45:45","modified_gmt":"2025-08-15T21:45:45","slug":"gizlilik-ilkesi","status":"publish","type":"page","link":"https:\/\/akselhukuk.com\/ru\/gizlilik-ilkesi\/","title":{"rendered":"\u043f\u043e\u043b\u0438\u0442\u0438\u043a\u0430 \u043a\u043e\u043d\u0444\u0438\u0434\u0435\u043d\u0446\u0438\u0430\u043b\u044c\u043d\u043e\u0441\u0442\u0438"},"content":{"rendered":"<div data-elementor-type=\"wp-page\" data-elementor-id=\"435\" class=\"elementor elementor-435\">\n\t\t\t\t<div class=\"elementor-element elementor-element-7a4f1bc e-flex e-con-boxed elementor-invisible e-con e-parent\" data-id=\"7a4f1bc\" data-element_type=\"container\" data-settings=\"{&quot;jet_parallax_layout_list&quot;:[],&quot;animation&quot;:&quot;fadeInUp&quot;}\">\n\t\t\t\t\t<div class=\"e-con-inner\">\n\t\t\t\t<div class=\"elementor-element elementor-element-be022e4 elementor-widget elementor-widget-heading\" data-id=\"be022e4\" data-element_type=\"widget\" data-widget_type=\"heading.default\">\n\t\t\t\t\t<h2 class=\"elementor-heading-title elementor-size-default\">\u043f\u043e\u043b\u0438\u0442\u0438\u043a\u0430 \u043a\u043e\u043d\u0444\u0438\u0434\u0435\u043d\u0446\u0438\u0430\u043b\u044c\u043d\u043e\u0441\u0442\u0438<\/h2>\t\t\t\t<\/div>\n\t\t\t\t<div class=\"elementor-element elementor-element-eeca750 elementor-widget elementor-widget-text-editor\" data-id=\"eeca750\" data-element_type=\"widget\" data-widget_type=\"text-editor.default\">\n\t\t\t\t\t\t\t\t\t<p>\u041d\u0430\u0441\u0442\u043e\u044f\u0449\u0430\u044f \u041f\u043e\u043b\u0438\u0442\u0438\u043a\u0430 \u043a\u043e\u043d\u0444\u0438\u0434\u0435\u043d\u0446\u0438\u0430\u043b\u044c\u043d\u043e\u0441\u0442\u0438 \u0440\u0430\u0437\u044a\u044f\u0441\u043d\u044f\u0435\u0442, \u043a\u0430\u043a \u043c\u044b \u0441\u043e\u0431\u0438\u0440\u0430\u0435\u043c, \u0438\u0441\u043f\u043e\u043b\u044c\u0437\u0443\u0435\u043c, \u0445\u0440\u0430\u043d\u0438\u043c \u0438 \u0437\u0430\u0449\u0438\u0449\u0430\u0435\u043c \u043f\u0435\u0440\u0441\u043e\u043d\u0430\u043b\u044c\u043d\u044b\u0435 \u0434\u0430\u043d\u043d\u044b\u0435 \u043f\u043e\u0441\u0435\u0442\u0438\u0442\u0435\u043b\u0435\u0439 \u043d\u0430\u0448\u0435\u0433\u043e \u0432\u0435\u0431-\u0441\u0430\u0439\u0442\u0430. \u0418\u0441\u043f\u043e\u043b\u044c\u0437\u0443\u044f \u043d\u0430\u0448 \u0432\u0435\u0431-\u0441\u0430\u0439\u0442, \u0432\u044b \u0441\u043e\u0433\u043b\u0430\u0448\u0430\u0435\u0442\u0435\u0441\u044c \u0441 \u0443\u0441\u043b\u043e\u0432\u0438\u044f\u043c\u0438, \u0438\u0437\u043b\u043e\u0436\u0435\u043d\u043d\u044b\u043c\u0438 \u0432 \u043d\u0430\u0441\u0442\u043e\u044f\u0449\u0435\u0439 \u041f\u043e\u043b\u0438\u0442\u0438\u043a\u0435.<\/p><p><strong>1. \u0421\u043e\u0431\u0440\u0430\u043d\u043d\u0430\u044f \u0438\u043d\u0444\u043e\u0440\u043c\u0430\u0446\u0438\u044f<\/strong><br \/>\u0427\u0435\u0440\u0435\u0437 \u043d\u0430\u0448 \u0432\u0435\u0431-\u0441\u0430\u0439\u0442 \u043c\u043e\u0433\u0443\u0442 \u0441\u043e\u0431\u0438\u0440\u0430\u0442\u044c\u0441\u044f \u0441\u043b\u0435\u0434\u0443\u044e\u0449\u0438\u0435 \u0442\u0438\u043f\u044b \u0438\u043d\u0444\u043e\u0440\u043c\u0430\u0446\u0438\u0438:<\/p><p>\u041b\u0438\u0447\u043d\u0430\u044f \u0438\u043d\u0444\u043e\u0440\u043c\u0430\u0446\u0438\u044f, \u0442\u0430\u043a\u0430\u044f \u043a\u0430\u043a \u0438\u043c\u044f, \u0444\u0430\u043c\u0438\u043b\u0438\u044f, \u0430\u0434\u0440\u0435\u0441 \u044d\u043b\u0435\u043a\u0442\u0440\u043e\u043d\u043d\u043e\u0439 \u043f\u043e\u0447\u0442\u044b, \u043d\u043e\u043c\u0435\u0440 \u0442\u0435\u043b\u0435\u0444\u043e\u043d\u0430 (\u043f\u0440\u0438 \u0437\u0430\u043f\u043e\u043b\u043d\u0435\u043d\u0438\u0438 \u0444\u043e\u0440\u043c\u044b \u0438\u043b\u0438 \u0440\u0435\u0433\u0438\u0441\u0442\u0440\u0430\u0446\u0438\u0438)<\/p><p>\u0422\u0435\u0445\u043d\u0438\u0447\u0435\u0441\u043a\u0438\u0435 \u0434\u0430\u043d\u043d\u044b\u0435, \u0442\u0430\u043a\u0438\u0435 \u043a\u0430\u043a IP-\u0430\u0434\u0440\u0435\u0441, \u0442\u0438\u043f \u0431\u0440\u0430\u0443\u0437\u0435\u0440\u0430, \u0438\u043d\u0444\u043e\u0440\u043c\u0430\u0446\u0438\u044f \u043e\u0431 \u043e\u043f\u0435\u0440\u0430\u0446\u0438\u043e\u043d\u043d\u043e\u0439 \u0441\u0438\u0441\u0442\u0435\u043c\u0435, \u0434\u0430\u0442\u0430 \u0438 \u0432\u0440\u0435\u043c\u044f \u043f\u043e\u0441\u0435\u0449\u0435\u043d\u0438\u044f<\/p><p>\u0414\u0430\u043d\u043d\u044b\u0435 \u043e\u0431 \u0438\u0441\u043f\u043e\u043b\u044c\u0437\u043e\u0432\u0430\u043d\u0438\u0438, \u0441\u043e\u0431\u0440\u0430\u043d\u043d\u044b\u0435 \u0441 \u043f\u043e\u043c\u043e\u0449\u044c\u044e \u0444\u0430\u0439\u043b\u043e\u0432 cookie \u0438 \u0430\u043d\u0430\u043b\u043e\u0433\u0438\u0447\u043d\u044b\u0445 \u0442\u0435\u0445\u043d\u043e\u043b\u043e\u0433\u0438\u0439<\/p><p><strong>2. \u0426\u0435\u043b\u0438 \u0438\u0441\u043f\u043e\u043b\u044c\u0437\u043e\u0432\u0430\u043d\u0438\u044f \u0438\u043d\u0444\u043e\u0440\u043c\u0430\u0446\u0438\u0438<\/strong><br \/>\u0421\u043e\u0431\u0440\u0430\u043d\u043d\u044b\u0435 \u0434\u0430\u043d\u043d\u044b\u0435 \u043c\u043e\u0433\u0443\u0442 \u0431\u044b\u0442\u044c \u0438\u0441\u043f\u043e\u043b\u044c\u0437\u043e\u0432\u0430\u043d\u044b \u0432 \u0441\u043b\u0435\u0434\u0443\u044e\u0449\u0438\u0445 \u0446\u0435\u043b\u044f\u0445:<\/p><p>\u0414\u043b\u044f \u043f\u0440\u0435\u0434\u043e\u0441\u0442\u0430\u0432\u043b\u0435\u043d\u0438\u044f, \u0443\u043b\u0443\u0447\u0448\u0435\u043d\u0438\u044f \u0438 \u043f\u0435\u0440\u0441\u043e\u043d\u0430\u043b\u0438\u0437\u0430\u0446\u0438\u0438 \u043d\u0430\u0448\u0438\u0445 \u0443\u0441\u043b\u0443\u0433<\/p><p>\u041e\u0442\u0432\u0435\u0447\u0430\u0435\u043c \u043d\u0430 \u0432\u0430\u0448\u0438 \u0437\u0430\u043f\u0440\u043e\u0441\u044b \u0438 \u0432\u043e\u043f\u0440\u043e\u0441\u044b<\/p><p>\u0423\u043b\u0443\u0447\u0448\u0435\u043d\u0438\u0435 \u043f\u043e\u043b\u044c\u0437\u043e\u0432\u0430\u0442\u0435\u043b\u044c\u0441\u043a\u043e\u0433\u043e \u043e\u043f\u044b\u0442\u0430<\/p><p>\u0414\u043b\u044f \u0432\u044b\u043f\u043e\u043b\u043d\u0435\u043d\u0438\u044f \u043d\u0430\u0448\u0438\u0445 \u044e\u0440\u0438\u0434\u0438\u0447\u0435\u0441\u043a\u0438\u0445 \u043e\u0431\u044f\u0437\u0430\u0442\u0435\u043b\u044c\u0441\u0442\u0432<\/p><p>\u041f\u0440\u043e\u0432\u0435\u0434\u0435\u043d\u0438\u0435 \u043c\u0430\u0440\u043a\u0435\u0442\u0438\u043d\u0433\u043e\u0432\u044b\u0445 \u0438 \u0438\u043d\u0444\u043e\u0440\u043c\u0430\u0446\u0438\u043e\u043d\u043d\u044b\u0445 \u043c\u0435\u0440\u043e\u043f\u0440\u0438\u044f\u0442\u0438\u0439 (\u0441 \u0432\u0430\u0448\u0435\u0433\u043e \u0441\u043e\u0433\u043b\u0430\u0441\u0438\u044f)<\/p><p><strong>3. \u0424\u0430\u0439\u043b\u044b cookie<\/strong><br \/>\u041d\u0430\u0448 \u0441\u0430\u0439\u0442 \u0438\u0441\u043f\u043e\u043b\u044c\u0437\u0443\u0435\u0442 \u0444\u0430\u0439\u043b\u044b cookie \u0434\u043b\u044f \u0443\u043b\u0443\u0447\u0448\u0435\u043d\u0438\u044f \u0432\u0430\u0448\u0435\u0433\u043e \u043f\u043e\u043b\u044c\u0437\u043e\u0432\u0430\u0442\u0435\u043b\u044c\u0441\u043a\u043e\u0433\u043e \u043e\u043f\u044b\u0442\u0430. \u0412\u044b \u043c\u043e\u0436\u0435\u0442\u0435 \u043e\u0442\u043a\u043b\u044e\u0447\u0438\u0442\u044c \u0444\u0430\u0439\u043b\u044b cookie \u0438\u043b\u0438 \u043f\u043e\u043b\u0443\u0447\u0430\u0442\u044c \u043f\u0440\u0435\u0434\u0443\u043f\u0440\u0435\u0436\u0434\u0435\u043d\u0438\u044f \u0432 \u043d\u0430\u0441\u0442\u0440\u043e\u0439\u043a\u0430\u0445 \u0431\u0440\u0430\u0443\u0437\u0435\u0440\u0430. \u041e\u0434\u043d\u0430\u043a\u043e \u043e\u0442\u043a\u043b\u044e\u0447\u0435\u043d\u0438\u0435 \u0444\u0430\u0439\u043b\u043e\u0432 cookie \u043c\u043e\u0436\u0435\u0442 \u043f\u0440\u0438\u0432\u0435\u0441\u0442\u0438 \u043a \u0441\u0431\u043e\u044f\u043c \u0432 \u0440\u0430\u0431\u043e\u0442\u0435 \u043d\u0435\u043a\u043e\u0442\u043e\u0440\u044b\u0445 \u0444\u0443\u043d\u043a\u0446\u0438\u0439 \u0441\u0430\u0439\u0442\u0430.<\/p><p><strong>4. \u041e\u0431\u043c\u0435\u043d \u0438\u043d\u0444\u043e\u0440\u043c\u0430\u0446\u0438\u0435\u0439<\/strong><br \/>\u0412\u0430\u0448\u0438 \u043f\u0435\u0440\u0441\u043e\u043d\u0430\u043b\u044c\u043d\u044b\u0435 \u0434\u0430\u043d\u043d\u044b\u0435;<\/p><p>\u041f\u0440\u0430\u0432\u043e\u0432\u044b\u0435 \u043e\u0431\u044f\u0437\u0430\u0442\u0435\u043b\u044c\u0441\u0442\u0432\u0430<\/p><p>\u0417\u0430\u043f\u0440\u043e\u0441\u044b \u043e\u0442 \u043f\u0440\u0430\u0432\u043e\u043e\u0445\u0440\u0430\u043d\u0438\u0442\u0435\u043b\u044c\u043d\u044b\u0445 \u043e\u0440\u0433\u0430\u043d\u043e\u0432<\/p><p>\u0414\u043e\u0432\u0435\u0440\u0435\u043d\u043d\u044b\u0435 \u0442\u0440\u0435\u0442\u044c\u0438 \u0441\u0442\u043e\u0440\u043e\u043d\u044b \u0441\u043e\u0442\u0440\u0443\u0434\u043d\u0438\u0447\u0430\u044e\u0442 \u0434\u043b\u044f \u043f\u0440\u0435\u0434\u043e\u0441\u0442\u0430\u0432\u043b\u0435\u043d\u0438\u044f \u0443\u0441\u043b\u0443\u0433 (\u0445\u043e\u0441\u0442\u0438\u043d\u0433, \u043e\u043f\u043b\u0430\u0442\u0430, \u043b\u043e\u0433\u0438\u0441\u0442\u0438\u043a\u0430 \u0438 \u0442. \u0434.)<br \/>\u041e\u043d\u0430 \u043d\u0435 \u043f\u0435\u0440\u0435\u0434\u0430\u0435\u0442\u0441\u044f \u0442\u0440\u0435\u0442\u044c\u0438\u043c \u043b\u0438\u0446\u0430\u043c, \u0437\u0430 \u0438\u0441\u043a\u043b\u044e\u0447\u0435\u043d\u0438\u0435\u043c:<\/p><p><strong>5. \u0411\u0435\u0437\u043e\u043f\u0430\u0441\u043d\u043e\u0441\u0442\u044c \u0434\u0430\u043d\u043d\u044b\u0445<\/strong><br \/>\u0414\u043b\u044f \u043e\u0431\u0435\u0441\u043f\u0435\u0447\u0435\u043d\u0438\u044f \u0431\u0435\u0437\u043e\u043f\u0430\u0441\u043d\u043e\u0441\u0442\u0438 \u0432\u0430\u0448\u0438\u0445 \u043f\u0435\u0440\u0441\u043e\u043d\u0430\u043b\u044c\u043d\u044b\u0445 \u0434\u0430\u043d\u043d\u044b\u0445 \u043f\u0440\u0438\u043d\u0438\u043c\u0430\u044e\u0442\u0441\u044f \u0442\u0435\u0445\u043d\u0438\u0447\u0435\u0441\u043a\u0438\u0435 \u0438 \u0430\u0434\u043c\u0438\u043d\u0438\u0441\u0442\u0440\u0430\u0442\u0438\u0432\u043d\u044b\u0435 \u043c\u0435\u0440\u044b, \u0441\u043e\u043e\u0442\u0432\u0435\u0442\u0441\u0442\u0432\u0443\u044e\u0449\u0438\u0435 \u043e\u0442\u0440\u0430\u0441\u043b\u0435\u0432\u044b\u043c \u0441\u0442\u0430\u043d\u0434\u0430\u0440\u0442\u0430\u043c. \u041e\u0434\u043d\u0430\u043a\u043e \u0433\u0430\u0440\u0430\u043d\u0442\u0438\u0440\u043e\u0432\u0430\u0442\u044c \u043f\u043e\u043b\u043d\u0443\u044e \u0431\u0435\u0437\u043e\u043f\u0430\u0441\u043d\u043e\u0441\u0442\u044c \u043f\u0435\u0440\u0435\u0434\u0430\u0447\u0438 \u0434\u0430\u043d\u043d\u044b\u0445 \u0447\u0435\u0440\u0435\u0437 \u0418\u043d\u0442\u0435\u0440\u043d\u0435\u0442 \u043d\u0435\u0432\u043e\u0437\u043c\u043e\u0436\u043d\u043e.<\/p><p><strong>6. \u0421\u0441\u044b\u043b\u043a\u0438 \u0442\u0440\u0435\u0442\u044c\u0438\u0445 \u043b\u0438\u0446<\/strong><br \/>\u041d\u0430\u0448 \u0441\u0430\u0439\u0442 \u043c\u043e\u0436\u0435\u0442 \u0441\u043e\u0434\u0435\u0440\u0436\u0430\u0442\u044c \u0441\u0441\u044b\u043b\u043a\u0438 \u043d\u0430 \u0441\u0442\u043e\u0440\u043e\u043d\u043d\u0438\u0435 \u0441\u0430\u0439\u0442\u044b. \u041c\u044b \u043d\u0435 \u043d\u0435\u0441\u0451\u043c \u043e\u0442\u0432\u0435\u0442\u0441\u0442\u0432\u0435\u043d\u043d\u043e\u0441\u0442\u0438 \u0437\u0430 \u043f\u043e\u043b\u0438\u0442\u0438\u043a\u0443 \u043a\u043e\u043d\u0444\u0438\u0434\u0435\u043d\u0446\u0438\u0430\u043b\u044c\u043d\u043e\u0441\u0442\u0438 \u044d\u0442\u0438\u0445 \u0441\u0430\u0439\u0442\u043e\u0432.<\/p><p><strong>7. \u0412\u0430\u0448\u0438 \u043f\u0440\u0430\u0432\u0430<\/strong><br \/>\u041e\u0442\u043d\u043e\u0441\u0438\u0442\u0435\u043b\u044c\u043d\u043e \u0412\u0430\u0448\u0438\u0445 \u043f\u0435\u0440\u0441\u043e\u043d\u0430\u043b\u044c\u043d\u044b\u0445 \u0434\u0430\u043d\u043d\u044b\u0445;<\/p><p>\u0417\u0430\u043f\u0440\u043e\u0441\u0438\u0442\u044c \u0434\u043e\u0441\u0442\u0443\u043f<\/p><p>\u0417\u0430\u043f\u0440\u043e\u0441 \u043d\u0430 \u0438\u0441\u043f\u0440\u0430\u0432\u043b\u0435\u043d\u0438\u0435<\/p><p>\u0417\u0430\u043f\u0440\u043e\u0441 \u043d\u0430 \u0443\u0434\u0430\u043b\u0435\u043d\u0438\u0435<\/p><p>\u041e\u0433\u0440\u0430\u043d\u0438\u0447\u0435\u043d\u0438\u0435 \u043e\u0431\u0440\u0430\u0431\u043e\u0442\u043a\u0438<\/p><p>\u0417\u0430\u043f\u0440\u043e\u0441 \u043d\u0430 \u043f\u0435\u0440\u0435\u043d\u043e\u0441\u0438\u043c\u043e\u0441\u0442\u044c \u0434\u0430\u043d\u043d\u044b\u0445<br \/>\u0423 \u0432\u0430\u0441 \u0435\u0441\u0442\u044c \u044d\u0442\u0438 \u043f\u0440\u0430\u0432\u0430. \u0412\u044b \u043c\u043e\u0436\u0435\u0442\u0435 \u0441\u0432\u044f\u0437\u0430\u0442\u044c\u0441\u044f \u0441 \u043d\u0430\u043c\u0438, \u0447\u0442\u043e\u0431\u044b \u0432\u043e\u0441\u043f\u043e\u043b\u044c\u0437\u043e\u0432\u0430\u0442\u044c\u0441\u044f \u0438\u043c\u0438.<\/p><p><strong>8. \u0418\u0437\u043c\u0435\u043d\u0435\u043d\u0438\u044f \u043f\u043e\u043b\u0438\u0442\u0438\u043a\u0438<\/strong><br \/>\u041d\u0430\u0441\u0442\u043e\u044f\u0449\u0430\u044f \u041f\u043e\u043b\u0438\u0442\u0438\u043a\u0430 \u043a\u043e\u043d\u0444\u0438\u0434\u0435\u043d\u0446\u0438\u0430\u043b\u044c\u043d\u043e\u0441\u0442\u0438 \u043c\u043e\u0436\u0435\u0442 \u043f\u0435\u0440\u0438\u043e\u0434\u0438\u0447\u0435\u0441\u043a\u0438 \u043e\u0431\u043d\u043e\u0432\u043b\u044f\u0442\u044c\u0441\u044f. \u0418\u0437\u043c\u0435\u043d\u0435\u043d\u0438\u044f \u0432\u0441\u0442\u0443\u043f\u0430\u044e\u0442 \u0432 \u0441\u0438\u043b\u0443 \u0441 \u0434\u0430\u0442\u044b \u0438\u0445 \u043f\u0443\u0431\u043b\u0438\u043a\u0430\u0446\u0438\u0438 \u043d\u0430 \u043d\u0430\u0448\u0435\u043c \u0432\u0435\u0431-\u0441\u0430\u0439\u0442\u0435.<\/p>\t\t\t\t\t\t\t\t<\/div>\n\t\t\t\t\t<\/div>\n\t\t\t\t<\/div>\n\t\t\t\t<\/div>","protected":false},"excerpt":{"rendered":"<p>Gizlilik \u0130lkesi Bu Gizlilik Politikas\u0131, web sitemizi ziyaret eden kullan\u0131c\u0131lar\u0131n ki\u015fisel verilerinin toplanmas\u0131, kullan\u0131lmas\u0131, saklanmas\u0131 ve korunmas\u0131na ili\u015fkin esaslar\u0131 a\u00e7\u0131klar. Sitemizi kullanarak, bu politikada belirtilen \u015fartlar\u0131 kabul etmi\u015f olursunuz. 1. Toplanan Bilgiler Web sitemiz arac\u0131l\u0131\u011f\u0131yla a\u015fa\u011f\u0131daki t\u00fcrde bilgiler toplanabilir: Ad, soyad, e-posta adresi, telefon numaras\u0131 gibi ki\u015fisel bilgiler (form doldurdu\u011funuzda veya kay\u0131t oldu\u011funuzda) IP adresi, [&hellip;]<\/p>","protected":false},"author":1,"featured_media":0,"parent":0,"menu_order":0,"comment_status":"closed","ping_status":"closed","template":"elementor_header_footer","meta":{"_acf_changed":false,"footnotes":""},"class_list":["post-435","page","type-page","status-publish","hentry"],"acf":[],"yoast_head":"<!-- This site is optimized with the Yoast SEO plugin v25.6 - https:\/\/yoast.com\/wordpress\/plugins\/seo\/ -->\n<title>Gizlilik \u0130lkesi - Aksel Hukuk | Hukuk ve Dan\u0131\u015fmanl\u0131k Hizmeti<\/title>\n<meta name=\"robots\" content=\"index, follow, max-snippet:-1, max-image-preview:large, max-video-preview:-1\" \/>\n<link rel=\"canonical\" href=\"https:\/\/akselhukuk.com\/ru\/gizlilik-ilkesi\/\" \/>\n<meta property=\"og:locale\" content=\"ru_RU\" \/>\n<meta property=\"og:type\" content=\"article\" \/>\n<meta property=\"og:title\" content=\"Gizlilik \u0130lkesi - Aksel Hukuk | Hukuk ve Dan\u0131\u015fmanl\u0131k Hizmeti\" \/>\n<meta property=\"og:description\" content=\"Gizlilik \u0130lkesi Bu Gizlilik Politikas\u0131, web sitemizi ziyaret eden kullan\u0131c\u0131lar\u0131n ki\u015fisel verilerinin toplanmas\u0131, kullan\u0131lmas\u0131, saklanmas\u0131 ve korunmas\u0131na ili\u015fkin esaslar\u0131 a\u00e7\u0131klar. Sitemizi kullanarak, bu politikada belirtilen \u015fartlar\u0131 kabul etmi\u015f olursunuz. 1. Toplanan Bilgiler Web sitemiz arac\u0131l\u0131\u011f\u0131yla a\u015fa\u011f\u0131daki t\u00fcrde bilgiler toplanabilir: Ad, soyad, e-posta adresi, telefon numaras\u0131 gibi ki\u015fisel bilgiler (form doldurdu\u011funuzda veya kay\u0131t oldu\u011funuzda) IP adresi, [&hellip;]\" \/>\n<meta property=\"og:url\" content=\"https:\/\/akselhukuk.com\/ru\/gizlilik-ilkesi\/\" \/>\n<meta property=\"og:site_name\" content=\"Aksel Hukuk | Hukuk ve Dan\u0131\u015fmanl\u0131k Hizmeti\" \/>\n<meta property=\"article:modified_time\" content=\"2025-08-15T21:45:45+00:00\" \/>\n<meta property=\"og:image\" content=\"https:\/\/akselhukuk.com\/wp-content\/uploads\/2025\/08\/Tuglu-Hukuk-Favicon.png\" \/>\n\t<meta property=\"og:image:width\" content=\"1024\" \/>\n\t<meta property=\"og:image:height\" content=\"1024\" \/>\n\t<meta property=\"og:image:type\" content=\"image\/png\" \/>\n<meta name=\"twitter:card\" content=\"summary_large_image\" \/>\n<meta name=\"twitter:label1\" content=\"\u041f\u0440\u0438\u043c\u0435\u0440\u043d\u043e\u0435 \u0432\u0440\u0435\u043c\u044f \u0434\u043b\u044f \u0447\u0442\u0435\u043d\u0438\u044f\" \/>\n\t<meta name=\"twitter:data1\" content=\"2 \u043c\u0438\u043d\u0443\u0442\u044b\" \/>\n<script type=\"application\/ld+json\" class=\"yoast-schema-graph\">{\"@context\":\"https:\/\/schema.org\",\"@graph\":[{\"@type\":\"WebPage\",\"@id\":\"https:\/\/akselhukuk.com\/gizlilik-ilkesi\/\",\"url\":\"https:\/\/akselhukuk.com\/gizlilik-ilkesi\/\",\"name\":\"Gizlilik \u0130lkesi - Aksel Hukuk | Hukuk ve Dan\u0131\u015fmanl\u0131k Hizmeti\",\"isPartOf\":{\"@id\":\"https:\/\/akselhukuk.com\/#website\"},\"datePublished\":\"2025-08-09T22:59:43+00:00\",\"dateModified\":\"2025-08-15T21:45:45+00:00\",\"breadcrumb\":{\"@id\":\"https:\/\/akselhukuk.com\/gizlilik-ilkesi\/#breadcrumb\"},\"inLanguage\":\"ru-RU\",\"potentialAction\":[{\"@type\":\"ReadAction\",\"target\":[\"https:\/\/akselhukuk.com\/gizlilik-ilkesi\/\"]}]},{\"@type\":\"BreadcrumbList\",\"@id\":\"https:\/\/akselhukuk.com\/gizlilik-ilkesi\/#breadcrumb\",\"itemListElement\":[{\"@type\":\"ListItem\",\"position\":1,\"name\":\"Anasayfa\",\"item\":\"https:\/\/akselhukuk.com\/\"},{\"@type\":\"ListItem\",\"position\":2,\"name\":\"Gizlilik \u0130lkesi\"}]},{\"@type\":\"WebSite\",\"@id\":\"https:\/\/akselhukuk.com\/#website\",\"url\":\"https:\/\/akselhukuk.com\/\",\"name\":\"Aksel Hukuk | Hukuk ve Dan\u0131\u015fmanl\u0131k Hizmeti\",\"description\":\"Aksel Hukuk | Hukuk ve Dan\u0131\u015fmanl\u0131k Hizmeti\",\"potentialAction\":[{\"@type\":\"SearchAction\",\"target\":{\"@type\":\"EntryPoint\",\"urlTemplate\":\"https:\/\/akselhukuk.com\/?s={search_term_string}\"},\"query-input\":{\"@type\":\"PropertyValueSpecification\",\"valueRequired\":true,\"valueName\":\"search_term_string\"}}],\"inLanguage\":\"ru-RU\"}]}<\/script>\n<!-- \/ Yoast SEO plugin. -->","yoast_head_json":{"title":"Gizlilik \u0130lkesi - Aksel Hukuk | Hukuk ve Dan\u0131\u015fmanl\u0131k Hizmeti","robots":{"index":"index","follow":"follow","max-snippet":"max-snippet:-1","max-image-preview":"max-image-preview:large","max-video-preview":"max-video-preview:-1"},"canonical":"https:\/\/akselhukuk.com\/ru\/gizlilik-ilkesi\/","og_locale":"ru_RU","og_type":"article","og_title":"Gizlilik \u0130lkesi - Aksel Hukuk | Hukuk ve Dan\u0131\u015fmanl\u0131k Hizmeti","og_description":"Gizlilik \u0130lkesi Bu Gizlilik Politikas\u0131, web sitemizi ziyaret eden kullan\u0131c\u0131lar\u0131n ki\u015fisel verilerinin toplanmas\u0131, kullan\u0131lmas\u0131, saklanmas\u0131 ve korunmas\u0131na ili\u015fkin esaslar\u0131 a\u00e7\u0131klar. Sitemizi kullanarak, bu politikada belirtilen \u015fartlar\u0131 kabul etmi\u015f olursunuz. 1. Toplanan Bilgiler Web sitemiz arac\u0131l\u0131\u011f\u0131yla a\u015fa\u011f\u0131daki t\u00fcrde bilgiler toplanabilir: Ad, soyad, e-posta adresi, telefon numaras\u0131 gibi ki\u015fisel bilgiler (form doldurdu\u011funuzda veya kay\u0131t oldu\u011funuzda) IP adresi, [&hellip;]","og_url":"https:\/\/akselhukuk.com\/ru\/gizlilik-ilkesi\/","og_site_name":"Aksel Hukuk | Hukuk ve Dan\u0131\u015fmanl\u0131k Hizmeti","article_modified_time":"2025-08-15T21:45:45+00:00","og_image":[{"width":1024,"height":1024,"url":"https:\/\/akselhukuk.com\/wp-content\/uploads\/2025\/08\/Tuglu-Hukuk-Favicon.png","type":"image\/png"}],"twitter_card":"summary_large_image","twitter_misc":{"\u041f\u0440\u0438\u043c\u0435\u0440\u043d\u043e\u0435 \u0432\u0440\u0435\u043c\u044f \u0434\u043b\u044f \u0447\u0442\u0435\u043d\u0438\u044f":"2 \u043c\u0438\u043d\u0443\u0442\u044b"},"schema":{"@context":"https:\/\/schema.org","@graph":[{"@type":"WebPage","@id":"https:\/\/akselhukuk.com\/gizlilik-ilkesi\/","url":"https:\/\/akselhukuk.com\/gizlilik-ilkesi\/","name":"Gizlilik \u0130lkesi - Aksel Hukuk | Hukuk ve Dan\u0131\u015fmanl\u0131k Hizmeti","isPartOf":{"@id":"https:\/\/akselhukuk.com\/#website"},"datePublished":"2025-08-09T22:59:43+00:00","dateModified":"2025-08-15T21:45:45+00:00","breadcrumb":{"@id":"https:\/\/akselhukuk.com\/gizlilik-ilkesi\/#breadcrumb"},"inLanguage":"ru-RU","potentialAction":[{"@type":"ReadAction","target":["https:\/\/akselhukuk.com\/gizlilik-ilkesi\/"]}]},{"@type":"BreadcrumbList","@id":"https:\/\/akselhukuk.com\/gizlilik-ilkesi\/#breadcrumb","itemListElement":[{"@type":"ListItem","position":1,"name":"Anasayfa","item":"https:\/\/akselhukuk.com\/"},{"@type":"ListItem","position":2,"name":"Gizlilik \u0130lkesi"}]},{"@type":"WebSite","@id":"https:\/\/akselhukuk.com\/#website","url":"https:\/\/akselhukuk.com\/","name":"Aksel Hukuk | Hukuk ve Dan\u0131\u015fmanl\u0131k Hizmeti","description":"Aksel Hukuk | Hukuk ve Dan\u0131\u015fmanl\u0131k Hizmeti","potentialAction":[{"@type":"SearchAction","target":{"@type":"EntryPoint","urlTemplate":"https:\/\/akselhukuk.com\/?s={search_term_string}"},"query-input":{"@type":"PropertyValueSpecification","valueRequired":true,"valueName":"search_term_string"}}],"inLanguage":"ru-RU"}]}},"_links":{"self":[{"href":"https:\/\/akselhukuk.com\/ru\/wp-json\/wp\/v2\/pages\/435","targetHints":{"allow":["GET"]}}],"collection":[{"href":"https:\/\/akselhukuk.com\/ru\/wp-json\/wp\/v2\/pages"}],"about":[{"href":"https:\/\/akselhukuk.com\/ru\/wp-json\/wp\/v2\/types\/page"}],"author":[{"embeddable":true,"href":"https:\/\/akselhukuk.com\/ru\/wp-json\/wp\/v2\/users\/1"}],"replies":[{"embeddable":true,"href":"https:\/\/akselhukuk.com\/ru\/wp-json\/wp\/v2\/comments?post=435"}],"version-history":[{"count":11,"href":"https:\/\/akselhukuk.com\/ru\/wp-json\/wp\/v2\/pages\/435\/revisions"}],"predecessor-version":[{"id":643,"href":"https:\/\/akselhukuk.com\/ru\/wp-json\/wp\/v2\/pages\/435\/revisions\/643"}],"wp:attachment":[{"href":"https:\/\/akselhukuk.com\/ru\/wp-json\/wp\/v2\/media?parent=435"}],"curies":[{"name":"wp","href":"https:\/\/api.w.org\/{rel}","templated":true}]}}